{"id":677,"date":"2023-11-27T10:06:16","date_gmt":"2023-11-27T10:06:16","guid":{"rendered":"https:\/\/www.dreamfishers.com\/alquiler-de-equipos\/"},"modified":"2024-08-27T08:05:49","modified_gmt":"2024-08-27T08:05:49","slug":"alquiler-de-equipos","status":"publish","type":"page","link":"https:\/\/www.dreamfishers.com\/es\/alquiler-de-equipos\/","title":{"rendered":"Alquiler de equipos"},"content":{"rendered":"\t\t<div data-elementor-type=\"wp-page\" data-elementor-id=\"677\" class=\"elementor elementor-677 elementor-77\" data-elementor-post-type=\"page\">\n\t\t\t\t<div class=\"elementor-element elementor-element-d8d7b3b e-flex e-con-boxed e-con e-parent\" data-id=\"d8d7b3b\" data-element_type=\"container\" data-e-type=\"container\" data-settings=\"{&quot;background_background&quot;:&quot;classic&quot;}\">\n\t\t\t\t\t<div class=\"e-con-inner\">\n\t\t<div class=\"elementor-element elementor-element-69bf6ba e-con-full e-flex e-con e-child\" data-id=\"69bf6ba\" data-element_type=\"container\" data-e-type=\"container\">\n\t\t\t\t<div class=\"elementor-element elementor-element-7d76679 elementor-widget elementor-widget-heading\" data-id=\"7d76679\" data-element_type=\"widget\" data-e-type=\"widget\" data-widget_type=\"heading.default\">\n\t\t\t\t<div class=\"elementor-widget-container\">\n\t\t\t\t\t<h1 class=\"elementor-heading-title elementor-size-default\">Alquiler de equipos<\/h1>\t\t\t\t<\/div>\n\t\t\t\t<\/div>\n\t\t\t\t<div class=\"elementor-element elementor-element-daeb7d9 elementor-widget elementor-widget-text-editor\" data-id=\"daeb7d9\" data-element_type=\"widget\" data-e-type=\"widget\" data-widget_type=\"text-editor.default\">\n\t\t\t\t<div class=\"elementor-widget-container\">\n\t\t\t\t\t\t\t\t\t<p>Como especialistas eventos en vivo, sabemos lo que necesitas para garantizar el \u00e9xito de tus producciones.<\/p>\n<p>Con nuestro servicio de alquiler de equipos de sonido, iluminaci\u00f3n y todo tipo de accesorios, nos encargamos de todo, desde el asesoramiento hasta la log\u00edstica.<\/p>\n<p>Tenemos todo lo que necesitas para sus conciertos, festivales o espect\u00e1culos. Sea cual sea lo que has pensado, \u00a1te lo conseguimos!  <\/p>\n\t\t\t\t\t\t\t\t<\/div>\n\t\t\t\t<\/div>\n\t\t\t\t<\/div>\n\t\t\t\t<div class=\"elementor-element elementor-element-714445a elementor-widget__width-initial elementor-widget-tablet__width-inherit elementor-widget elementor-widget-image\" data-id=\"714445a\" data-element_type=\"widget\" data-e-type=\"widget\" data-widget_type=\"image.default\">\n\t\t\t\t<div class=\"elementor-widget-container\">\n\t\t\t\t\t\t\t\t\t\t\t\t\t\t\t<img fetchpriority=\"high\" decoding=\"async\" width=\"800\" height=\"533\" src=\"https:\/\/www.dreamfishers.com\/wp-content\/uploads\/2023\/11\/Escenari-Concert.jpg\" class=\"attachment-large size-large wp-image-681\" alt=\"\" srcset=\"https:\/\/www.dreamfishers.com\/wp-content\/uploads\/2023\/11\/Escenari-Concert.jpg 900w, https:\/\/www.dreamfishers.com\/wp-content\/uploads\/2023\/11\/Escenari-Concert-300x200.jpg 300w, https:\/\/www.dreamfishers.com\/wp-content\/uploads\/2023\/11\/Escenari-Concert-768x512.jpg 768w\" sizes=\"(max-width: 800px) 100vw, 800px\" longdesc=\"https:\/\/www.dreamfishers.com\/es\/?longdesc=681&amp;referrer=677\" id=\"longdesc-return-681\" \/>\t\t\t\t\t\t\t\t\t\t\t\t\t\t\t<\/div>\n\t\t\t\t<\/div>\n\t\t\t\t\t<\/div>\n\t\t\t\t<\/div>\n\t\t<div class=\"elementor-element elementor-element-eade21c e-flex e-con-boxed e-con e-parent\" data-id=\"eade21c\" data-element_type=\"container\" data-e-type=\"container\" data-settings=\"{&quot;background_background&quot;:&quot;classic&quot;}\">\n\t\t\t\t\t<div class=\"e-con-inner\">\n\t\t\t\t<div class=\"elementor-element elementor-element-0f0ba93 elementor-widget elementor-widget-heading\" data-id=\"0f0ba93\" data-element_type=\"widget\" data-e-type=\"widget\" data-widget_type=\"heading.default\">\n\t\t\t\t<div class=\"elementor-widget-container\">\n\t\t\t\t\t<h2 class=\"elementor-heading-title elementor-size-default\"><span style=\"text-align: var(--text-align);background-color: var( --e-global-color-a09d624 )\">\u00bfQu\u00e9 te ofrecemos?<\/span><\/h2>\t\t\t\t<\/div>\n\t\t\t\t<\/div>\n\t\t<div class=\"elementor-element elementor-element-f54daa0 e-con-full e-flex e-con e-child\" data-id=\"f54daa0\" data-element_type=\"container\" data-e-type=\"container\">\n\t\t<div class=\"elementor-element elementor-element-f30ab21 e-con-full e-flex e-con e-child\" data-id=\"f30ab21\" data-element_type=\"container\" data-e-type=\"container\">\n\t\t\t\t<div class=\"elementor-element elementor-element-992a9b3 elementor-widget elementor-widget-heading\" data-id=\"992a9b3\" data-element_type=\"widget\" data-e-type=\"widget\" data-widget_type=\"heading.default\">\n\t\t\t\t<div class=\"elementor-widget-container\">\n\t\t\t\t\t<h3 class=\"elementor-heading-title elementor-size-default\">Equipos de Sonido<\/h3>\t\t\t\t<\/div>\n\t\t\t\t<\/div>\n\t\t\t\t<div class=\"elementor-element elementor-element-956785f elementor-widget elementor-widget-image\" data-id=\"956785f\" data-element_type=\"widget\" data-e-type=\"widget\" data-widget_type=\"image.default\">\n\t\t\t\t<div class=\"elementor-widget-container\">\n\t\t\t\t\t\t\t\t\t\t\t\t\t\t\t<img decoding=\"async\" width=\"800\" height=\"533\" src=\"https:\/\/www.dreamfishers.com\/wp-content\/uploads\/2023\/11\/Taula-de-So.jpg\" class=\"attachment-large size-large wp-image-705\" alt=\"\" srcset=\"https:\/\/www.dreamfishers.com\/wp-content\/uploads\/2023\/11\/Taula-de-So.jpg 900w, https:\/\/www.dreamfishers.com\/wp-content\/uploads\/2023\/11\/Taula-de-So-300x200.jpg 300w, https:\/\/www.dreamfishers.com\/wp-content\/uploads\/2023\/11\/Taula-de-So-768x512.jpg 768w\" sizes=\"(max-width: 800px) 100vw, 800px\" longdesc=\"https:\/\/www.dreamfishers.com\/es\/?longdesc=705&amp;referrer=677\" id=\"longdesc-return-705\" \/>\t\t\t\t\t\t\t\t\t\t\t\t\t\t\t<\/div>\n\t\t\t\t<\/div>\n\t\t\t\t<div class=\"elementor-element elementor-element-ae84c14 elementor-widget elementor-widget-text-editor\" data-id=\"ae84c14\" data-element_type=\"widget\" data-e-type=\"widget\" data-widget_type=\"text-editor.default\">\n\t\t\t\t<div class=\"elementor-widget-container\">\n\t\t\t\t\t\t\t\t\t<p>\u00bfQuieres garantizar que tu p\u00fablico disfrute con la mejor calidad de sonido posible? \u00a1Estamos aqu\u00ed para ayudarte!  <\/p>\n<p>Nuestra oferta es completa y personalizada seg\u00fan tus necesidades espec\u00edficas: amplificadores, altavoces, mesas de sonido o cualquier otro equipamiento relacionado con el audio, tenemos la soluci\u00f3n perfecta para ti.<\/p>\n<p>No importa la envergadura de tu evento, estamos listos para proporcionarte el mejor servicio.<\/p>\n<p>Te hacemos una propuesta a medida para asegurar que los equipos de sonido se ajusten perfectamente a las caracter\u00edsticas de tu evento.  <\/p>\n<p>Tu m\u00fasica o actuaci\u00f3n se merecen la mejor sonoridad posible, \u00a1y estamos aqu\u00ed para hacerla realidad!<\/p>\n\t\t\t\t\t\t\t\t<\/div>\n\t\t\t\t<\/div>\n\t\t\t\t<\/div>\n\t\t<div class=\"elementor-element elementor-element-8c5f596 e-con-full e-flex e-con e-child\" data-id=\"8c5f596\" data-element_type=\"container\" data-e-type=\"container\">\n\t\t\t\t<div class=\"elementor-element elementor-element-451722c elementor-widget elementor-widget-heading\" data-id=\"451722c\" data-element_type=\"widget\" data-e-type=\"widget\" data-widget_type=\"heading.default\">\n\t\t\t\t<div class=\"elementor-widget-container\">\n\t\t\t\t\t<h3 class=\"elementor-heading-title elementor-size-default\">Iluminaci\u00f3n y efectos<\/h3>\t\t\t\t<\/div>\n\t\t\t\t<\/div>\n\t\t\t\t<div class=\"elementor-element elementor-element-08e2d58 elementor-widget elementor-widget-image\" data-id=\"08e2d58\" data-element_type=\"widget\" data-e-type=\"widget\" data-widget_type=\"image.default\">\n\t\t\t\t<div class=\"elementor-widget-container\">\n\t\t\t\t\t\t\t\t\t\t\t\t\t\t\t<img decoding=\"async\" width=\"800\" height=\"533\" src=\"https:\/\/www.dreamfishers.com\/wp-content\/uploads\/2023\/11\/Iluminacio-Teatre.jpg\" class=\"attachment-large size-large wp-image-694\" alt=\"\" srcset=\"https:\/\/www.dreamfishers.com\/wp-content\/uploads\/2023\/11\/Iluminacio-Teatre.jpg 900w, https:\/\/www.dreamfishers.com\/wp-content\/uploads\/2023\/11\/Iluminacio-Teatre-300x200.jpg 300w, https:\/\/www.dreamfishers.com\/wp-content\/uploads\/2023\/11\/Iluminacio-Teatre-768x512.jpg 768w\" sizes=\"(max-width: 800px) 100vw, 800px\" longdesc=\"https:\/\/www.dreamfishers.com\/es\/?longdesc=694&amp;referrer=677\" id=\"longdesc-return-694\" \/>\t\t\t\t\t\t\t\t\t\t\t\t\t\t\t<\/div>\n\t\t\t\t<\/div>\n\t\t\t\t<div class=\"elementor-element elementor-element-d2f4c73 elementor-widget elementor-widget-text-editor\" data-id=\"d2f4c73\" data-element_type=\"widget\" data-e-type=\"widget\" data-widget_type=\"text-editor.default\">\n\t\t\t\t<div class=\"elementor-widget-container\">\n\t\t\t\t\t\t\t\t\t<p>\u00bfQuieres asegurarte de que tu p\u00fablico disfrute de una experiencia con la mejor calidad de sistemas de iluminaci\u00f3n y efectos especiales? \u00a1Estamos aqu\u00ed para hacerlo realidad!<\/p>\n<p>Nuestra oferta es completa y personalizada para adaptarse exactamente a las necesidades de tu evento: sistemas de iluminaci\u00f3n, efectos especiales y todo el equipamiento relacionado. Sea cual sea el tama\u00f1o de tu evento, estamos listos para proporcionarte el servicio m\u00e1s destacado.<\/p>\n<p>Te proporcionaremos una propuesta personalizada para garantizar que los sistemas de iluminaci\u00f3n y efectos especiales se ajusten perfectamente a las caracter\u00edsticas de tu espect\u00e1culo.<\/p>\n<p>Tus espect\u00e1culos merecen la escenograf\u00eda y la iluminaci\u00f3n m\u00e1s espectacular. \u00a1Conf\u00eda en nosotros para hacer realidad tu visi\u00f3n y crear una experiencia inolvidable para tu p\u00fablico!<\/p>\n\t\t\t\t\t\t\t\t<\/div>\n\t\t\t\t<\/div>\n\t\t\t\t<\/div>\n\t\t<div class=\"elementor-element elementor-element-3c45dbc e-con-full e-flex e-con e-child\" data-id=\"3c45dbc\" data-element_type=\"container\" data-e-type=\"container\">\n\t\t\t\t<div class=\"elementor-element elementor-element-42f58b5 elementor-widget elementor-widget-heading\" data-id=\"42f58b5\" data-element_type=\"widget\" data-e-type=\"widget\" data-widget_type=\"heading.default\">\n\t\t\t\t<div class=\"elementor-widget-container\">\n\t\t\t\t\t<h3 class=\"elementor-heading-title elementor-size-default\">Otros<\/h3>\t\t\t\t<\/div>\n\t\t\t\t<\/div>\n\t\t\t\t<div class=\"elementor-element elementor-element-e8176d2 elementor-widget elementor-widget-image\" data-id=\"e8176d2\" data-element_type=\"widget\" data-e-type=\"widget\" data-widget_type=\"image.default\">\n\t\t\t\t<div class=\"elementor-widget-container\">\n\t\t\t\t\t\t\t\t\t\t\t\t\t\t\t<img loading=\"lazy\" decoding=\"async\" width=\"800\" height=\"533\" src=\"https:\/\/www.dreamfishers.com\/wp-content\/uploads\/2023\/11\/Caixa-Escenica.jpg\" class=\"attachment-large size-large wp-image-708\" alt=\"\" srcset=\"https:\/\/www.dreamfishers.com\/wp-content\/uploads\/2023\/11\/Caixa-Escenica.jpg 900w, https:\/\/www.dreamfishers.com\/wp-content\/uploads\/2023\/11\/Caixa-Escenica-300x200.jpg 300w, https:\/\/www.dreamfishers.com\/wp-content\/uploads\/2023\/11\/Caixa-Escenica-768x512.jpg 768w\" sizes=\"(max-width: 800px) 100vw, 800px\" longdesc=\"https:\/\/www.dreamfishers.com\/es\/?longdesc=708&amp;referrer=677\" id=\"longdesc-return-708\" \/>\t\t\t\t\t\t\t\t\t\t\t\t\t\t\t<\/div>\n\t\t\t\t<\/div>\n\t\t\t\t<div class=\"elementor-element elementor-element-323ab33 elementor-widget elementor-widget-text-editor\" data-id=\"323ab33\" data-element_type=\"widget\" data-e-type=\"widget\" data-widget_type=\"text-editor.default\">\n\t\t\t\t<div class=\"elementor-widget-container\">\n\t\t\t\t\t\t\t\t\t<p>\u00bfQuieres asegurarte de que todo est\u00e9 listo para hacer realidad cualquier proyecto, independientemente de su complejidad o innovaci\u00f3n? \u00a1Estamos aqu\u00ed para ayudarte!<\/p>\n<p>Tenemos una oferta completa y personalizada que incluye el alquiler de escenarios, carpas, equipamiento audiovisual, atrezzo y todo lo necesario para que tu proyecto se convierta en realidad. Sea cual sea tu proyecto, estamos listos para proporcionarte el equipamiento y la log\u00edstica adecuada.<\/p>\n<p>Trabajamos contigo para crear una propuesta a medida que asegure que todos los elementos se ajusten perfectamente a las necesidades y visi\u00f3n de tu proyecto.<\/p>\n<p>No importa que tu proyecto sea extravagante o innovador: conf\u00eda en nosotros para convertirlo en una experiencia inolvidable.<\/p>\n\t\t\t\t\t\t\t\t<\/div>\n\t\t\t\t<\/div>\n\t\t\t\t<\/div>\n\t\t\t\t<\/div>\n\t\t\t\t\t<\/div>\n\t\t\t\t<\/div>\n\t\t<div class=\"elementor-element elementor-element-27e588e e-flex e-con-boxed e-con e-parent\" data-id=\"27e588e\" data-element_type=\"container\" data-e-type=\"container\" data-settings=\"{&quot;background_background&quot;:&quot;classic&quot;}\">\n\t\t\t\t\t<div class=\"e-con-inner\">\n\t\t<div class=\"elementor-element elementor-element-2bed19f e-con-full e-flex e-con e-child\" data-id=\"2bed19f\" data-element_type=\"container\" data-e-type=\"container\">\n\t\t\t\t<div class=\"elementor-element elementor-element-690e54c elementor-widget elementor-widget-heading\" data-id=\"690e54c\" data-element_type=\"widget\" data-e-type=\"widget\" data-widget_type=\"heading.default\">\n\t\t\t\t<div class=\"elementor-widget-container\">\n\t\t\t\t\t<h2 class=\"elementor-heading-title elementor-size-default\">\u00bfTrabajamos juntos?<\/h2>\t\t\t\t<\/div>\n\t\t\t\t<\/div>\n\t\t\t\t<div class=\"elementor-element elementor-element-8db4479 elementor-widget elementor-widget-heading\" data-id=\"8db4479\" data-element_type=\"widget\" data-e-type=\"widget\" data-widget_type=\"heading.default\">\n\t\t\t\t<div class=\"elementor-widget-container\">\n\t\t\t\t\t<span class=\"elementor-heading-title elementor-size-default\">\u00bfTienes un proyecto? \u00a1Te ayudamos a hacerlo realidad!<\/span>\t\t\t\t<\/div>\n\t\t\t\t<\/div>\n\t\t\t\t<div class=\"elementor-element elementor-element-58dd4b7 elementor-grid-mobile-0 e-grid-align-left e-grid-align-mobile-center e-grid-align-tablet-center elementor-shape-rounded elementor-grid-0 elementor-widget elementor-widget-social-icons\" data-id=\"58dd4b7\" data-element_type=\"widget\" data-e-type=\"widget\" data-widget_type=\"social-icons.default\">\n\t\t\t\t<div class=\"elementor-widget-container\">\n\t\t\t\t\t\t\t<div class=\"elementor-social-icons-wrapper elementor-grid\">\n\t\t\t\t\t\t\t<span class=\"elementor-grid-item\">\n\t\t\t\t\t<a class=\"elementor-icon elementor-social-icon elementor-social-icon-instagram elementor-animation-grow elementor-repeater-item-4d1a4e0\" href=\"https:\/\/www.instagram.com\/dreamfishers\/\" target=\"_blank\" rel=\"noopener\">\n\t\t\t\t\t\t<span class=\"elementor-screen-only\">Instagram<\/span>\n\t\t\t\t\t\t<svg aria-hidden=\"true\" class=\"e-font-icon-svg e-fab-instagram\" viewBox=\"0 0 448 512\" xmlns=\"http:\/\/www.w3.org\/2000\/svg\"><path d=\"M224.1 141c-63.6 0-114.9 51.3-114.9 114.9s51.3 114.9 114.9 114.9S339 319.5 339 255.9 287.7 141 224.1 141zm0 189.6c-41.1 0-74.7-33.5-74.7-74.7s33.5-74.7 74.7-74.7 74.7 33.5 74.7 74.7-33.6 74.7-74.7 74.7zm146.4-194.3c0 14.9-12 26.8-26.8 26.8-14.9 0-26.8-12-26.8-26.8s12-26.8 26.8-26.8 26.8 12 26.8 26.8zm76.1 27.2c-1.7-35.9-9.9-67.7-36.2-93.9-26.2-26.2-58-34.4-93.9-36.2-37-2.1-147.9-2.1-184.9 0-35.8 1.7-67.6 9.9-93.9 36.1s-34.4 58-36.2 93.9c-2.1 37-2.1 147.9 0 184.9 1.7 35.9 9.9 67.7 36.2 93.9s58 34.4 93.9 36.2c37 2.1 147.9 2.1 184.9 0 35.9-1.7 67.7-9.9 93.9-36.2 26.2-26.2 34.4-58 36.2-93.9 2.1-37 2.1-147.8 0-184.8zM398.8 388c-7.8 19.6-22.9 34.7-42.6 42.6-29.5 11.7-99.5 9-132.1 9s-102.7 2.6-132.1-9c-19.6-7.8-34.7-22.9-42.6-42.6-11.7-29.5-9-99.5-9-132.1s-2.6-102.7 9-132.1c7.8-19.6 22.9-34.7 42.6-42.6 29.5-11.7 99.5-9 132.1-9s102.7-2.6 132.1 9c19.6 7.8 34.7 22.9 42.6 42.6 11.7 29.5 9 99.5 9 132.1s2.7 102.7-9 132.1z\"><\/path><\/svg>\t\t\t\t\t<\/a>\n\t\t\t\t<\/span>\n\t\t\t\t\t<\/div>\n\t\t\t\t\t\t<\/div>\n\t\t\t\t<\/div>\n\t\t\t\t<\/div>\n\t\t<div class=\"elementor-element elementor-element-14701f8 e-con-full e-flex e-con e-child\" data-id=\"14701f8\" data-element_type=\"container\" data-e-type=\"container\">\n\t\t\t\t<div class=\"elementor-element elementor-element-016f489 elementor-button-align-stretch elementor-widget elementor-widget-form\" data-id=\"016f489\" data-element_type=\"widget\" data-e-type=\"widget\" data-settings=\"{&quot;step_next_label&quot;:&quot;Next&quot;,&quot;step_previous_label&quot;:&quot;Previous&quot;,&quot;button_width&quot;:&quot;100&quot;,&quot;step_type&quot;:&quot;number_text&quot;,&quot;step_icon_shape&quot;:&quot;circle&quot;}\" data-widget_type=\"form.default\">\n\t\t\t\t<div class=\"elementor-widget-container\">\n\t\t\t\t\t\t\t<form class=\"elementor-form\" method=\"post\" name=\"Formulario de contacto web\" aria-label=\"Formulario de contacto web\">\n\t\t\t<input type=\"hidden\" name=\"post_id\" value=\"677\"\/>\n\t\t\t<input type=\"hidden\" name=\"form_id\" value=\"016f489\"\/>\n\t\t\t<input type=\"hidden\" name=\"referer_title\" value=\"Alquiler de equipos - Dream Fishers\" \/>\n\n\t\t\t\t\t\t\t<input type=\"hidden\" name=\"queried_id\" value=\"677\"\/>\n\t\t\t\n\t\t\t<div class=\"elementor-form-fields-wrapper elementor-labels-\">\n\t\t\t\t\t\t\t\t<div class=\"elementor-field-type-text elementor-field-group elementor-column elementor-field-group-name elementor-col-100 elementor-field-required\">\n\t\t\t\t\t\t\t\t\t\t\t\t<label for=\"form-field-name\" class=\"elementor-field-label elementor-screen-only\">\n\t\t\t\t\t\t\t\tNombre\t\t\t\t\t\t\t<\/label>\n\t\t\t\t\t\t\t\t\t\t\t\t\t\t<input size=\"1\" type=\"text\" name=\"form_fields[name]\" id=\"form-field-name\" class=\"elementor-field elementor-size-sm  elementor-field-textual\" placeholder=\"Nombre\" required=\"required\">\n\t\t\t\t\t\t\t\t\t\t\t<\/div>\n\t\t\t\t\t\t\t\t<div class=\"elementor-field-type-email elementor-field-group elementor-column elementor-field-group-email elementor-col-100 elementor-field-required\">\n\t\t\t\t\t\t\t\t\t\t\t\t<label for=\"form-field-email\" class=\"elementor-field-label elementor-screen-only\">\n\t\t\t\t\t\t\t\tEmail\t\t\t\t\t\t\t<\/label>\n\t\t\t\t\t\t\t\t\t\t\t\t\t\t<input size=\"1\" type=\"email\" name=\"form_fields[email]\" id=\"form-field-email\" class=\"elementor-field elementor-size-sm  elementor-field-textual\" placeholder=\"Email\" required=\"required\">\n\t\t\t\t\t\t\t\t\t\t\t<\/div>\n\t\t\t\t\t\t\t\t<div class=\"elementor-field-type-tel elementor-field-group elementor-column elementor-field-group-telefon elementor-col-100\">\n\t\t\t\t\t\t\t\t\t\t\t\t<label for=\"form-field-telefon\" class=\"elementor-field-label elementor-screen-only\">\n\t\t\t\t\t\t\t\tTel\u00e9fono\t\t\t\t\t\t\t<\/label>\n\t\t\t\t\t\t\t\t<input size=\"1\" type=\"tel\" name=\"form_fields[telefon]\" id=\"form-field-telefon\" class=\"elementor-field elementor-size-sm  elementor-field-textual\" placeholder=\"Tel\u00e9fono\" pattern=\"[0-9()#&amp;+*-=.]+\" title=\"Solo se aceptan n\u00fameros y caracteres de tel\u00e9fono (#,-,*,etc).\">\n\n\t\t\t\t\t\t<\/div>\n\t\t\t\t\t\t\t\t<div class=\"elementor-field-type-textarea elementor-field-group elementor-column elementor-field-group-comentaris elementor-col-100\">\n\t\t\t\t\t\t\t\t\t\t\t\t<label for=\"form-field-comentaris\" class=\"elementor-field-label elementor-screen-only\">\n\t\t\t\t\t\t\t\tComentarios\t\t\t\t\t\t\t<\/label>\n\t\t\t\t\t\t<textarea class=\"elementor-field-textual elementor-field  elementor-size-sm\" name=\"form_fields[comentaris]\" id=\"form-field-comentaris\" rows=\"4\" placeholder=\"Comentarios\"><\/textarea>\t\t\t\t<\/div>\n\t\t\t\t\t\t\t\t<div class=\"elementor-field-type-acceptance elementor-field-group elementor-column elementor-field-group-privacitat elementor-col-100 elementor-field-required\">\n\t\t\t\t\t\t\t\t\t\t\t\t<label for=\"form-field-privacitat\" class=\"elementor-field-label elementor-screen-only\">\n\t\t\t\t\t\t\t\tAceptaci\u00f3n privacidad\t\t\t\t\t\t\t<\/label>\n\t\t\t\t\t\t\t\t<div class=\"elementor-field-subgroup\">\n\t\t\t<span class=\"elementor-field-option\">\n\t\t\t\t<input type=\"checkbox\" name=\"form_fields[privacitat]\" id=\"form-field-privacitat\" class=\"elementor-field elementor-size-sm  elementor-acceptance-field\" required=\"required\">\n\t\t\t\t<label for=\"form-field-privacitat\"><style=\"font-size: 12px;>Acepto la<a href=\"http:\/\/www.dreamfishers.com\/nota-legal\"> pol\u00edtica de privacidad<\/span><br><br><\/label>\t\t\t<\/span>\n\t\t<\/div>\n\t\t\t\t\t\t<\/div>\n\t\t\t\t\t\t\t\t<div class=\"elementor-field-group elementor-column elementor-field-type-submit elementor-col-100 e-form__buttons\">\n\t\t\t\t\t<button class=\"elementor-button elementor-size-xs\" type=\"submit\">\n\t\t\t\t\t\t<span class=\"elementor-button-content-wrapper\">\n\t\t\t\t\t\t\t\t\t\t\t\t\t\t\t\t\t\t\t\t\t\t<span class=\"elementor-button-text\">Enviar  &gt;<\/span>\n\t\t\t\t\t\t\t\t\t\t\t\t\t<\/span>\n\t\t\t\t\t<\/button>\n\t\t\t\t<\/div>\n\t\t\t<\/div>\n\t\t<\/form>\n\t\t\t\t\t\t<\/div>\n\t\t\t\t<\/div>\n\t\t\t\t<\/div>\n\t\t\t\t\t<\/div>\n\t\t\t\t<\/div>\n\t\t\t\t<\/div>\n\t\t","protected":false},"excerpt":{"rendered":"<p>Alquiler de equipos Como especialistas eventos en vivo, sabemos lo que necesitas para garantizar el \u00e9xito de tus producciones. Con nuestro servicio de alquiler de equipos de sonido, iluminaci\u00f3n y todo tipo de accesorios, nos encargamos de todo, desde el asesoramiento hasta la log\u00edstica. Tenemos todo lo que necesitas para sus conciertos, festivales o espect\u00e1culos. [&hellip;]<\/p>\n","protected":false},"author":1,"featured_media":0,"parent":0,"menu_order":12,"comment_status":"closed","ping_status":"closed","template":"elementor_header_footer","meta":{"footnotes":""},"class_list":["post-677","page","type-page","status-publish","hentry"],"_links":{"self":[{"href":"https:\/\/www.dreamfishers.com\/es\/wp-json\/wp\/v2\/pages\/677","targetHints":{"allow":["GET"]}}],"collection":[{"href":"https:\/\/www.dreamfishers.com\/es\/wp-json\/wp\/v2\/pages"}],"about":[{"href":"https:\/\/www.dreamfishers.com\/es\/wp-json\/wp\/v2\/types\/page"}],"author":[{"embeddable":true,"href":"https:\/\/www.dreamfishers.com\/es\/wp-json\/wp\/v2\/users\/1"}],"replies":[{"embeddable":true,"href":"https:\/\/www.dreamfishers.com\/es\/wp-json\/wp\/v2\/comments?post=677"}],"version-history":[{"count":2,"href":"https:\/\/www.dreamfishers.com\/es\/wp-json\/wp\/v2\/pages\/677\/revisions"}],"predecessor-version":[{"id":785,"href":"https:\/\/www.dreamfishers.com\/es\/wp-json\/wp\/v2\/pages\/677\/revisions\/785"}],"wp:attachment":[{"href":"https:\/\/www.dreamfishers.com\/es\/wp-json\/wp\/v2\/media?parent=677"}],"curies":[{"name":"wp","href":"https:\/\/api.w.org\/{rel}","templated":true}]}}