{"id":678,"date":"2023-11-27T10:05:45","date_gmt":"2023-11-27T10:05:45","guid":{"rendered":"https:\/\/www.dreamfishers.com\/oficina-tecnica\/"},"modified":"2024-08-27T08:04:43","modified_gmt":"2024-08-27T08:04:43","slug":"oficina-tecnica","status":"publish","type":"page","link":"https:\/\/www.dreamfishers.com\/es\/oficina-tecnica\/","title":{"rendered":"Oficina T\u00e9cnica"},"content":{"rendered":"\t\t<div data-elementor-type=\"wp-page\" data-elementor-id=\"678\" class=\"elementor elementor-678 elementor-73\" data-elementor-post-type=\"page\">\n\t\t\t\t<div class=\"elementor-element elementor-element-3def848c e-flex e-con-boxed e-con e-parent\" data-id=\"3def848c\" data-element_type=\"container\" data-e-type=\"container\" data-settings=\"{&quot;background_background&quot;:&quot;classic&quot;}\">\n\t\t\t\t\t<div class=\"e-con-inner\">\n\t\t<div class=\"elementor-element elementor-element-5434610a e-con-full e-flex e-con e-child\" data-id=\"5434610a\" data-element_type=\"container\" data-e-type=\"container\">\n\t\t\t\t<div class=\"elementor-element elementor-element-52365179 elementor-widget elementor-widget-heading\" data-id=\"52365179\" data-element_type=\"widget\" data-e-type=\"widget\" data-widget_type=\"heading.default\">\n\t\t\t\t<div class=\"elementor-widget-container\">\n\t\t\t\t\t<h1 class=\"elementor-heading-title elementor-size-default\">Oficina T\u00e9cnica<\/h1>\t\t\t\t<\/div>\n\t\t\t\t<\/div>\n\t\t\t\t<div class=\"elementor-element elementor-element-3ee8fab elementor-widget elementor-widget-text-editor\" data-id=\"3ee8fab\" data-element_type=\"widget\" data-e-type=\"widget\" data-widget_type=\"text-editor.default\">\n\t\t\t\t<div class=\"elementor-widget-container\">\n\t\t\t\t\t\t\t\t\t<p>La oficina t\u00e9cnica act\u00faa como un centro nervioso que garantiza que las operaciones t\u00e9cnicas y log\u00edsticas se ejecuten de forma eficiente y profesional, lo que permite que artistas y participantes se puedan concentrar en el aspecto creativo y en la ejecuci\u00f3n de su trabajo sin ninguna preocupaci\u00f3n a\u00f1adida.<\/p>\n\t\t\t\t\t\t\t\t<\/div>\n\t\t\t\t<\/div>\n\t\t\t\t<\/div>\n\t\t\t\t<div class=\"elementor-element elementor-element-11d70b9f elementor-widget__width-initial elementor-widget-tablet__width-inherit elementor-widget elementor-widget-image\" data-id=\"11d70b9f\" data-element_type=\"widget\" data-e-type=\"widget\" data-widget_type=\"image.default\">\n\t\t\t\t<div class=\"elementor-widget-container\">\n\t\t\t\t\t\t\t\t\t\t\t\t\t\t\t<img fetchpriority=\"high\" decoding=\"async\" width=\"800\" height=\"533\" src=\"https:\/\/www.dreamfishers.com\/wp-content\/uploads\/2023\/11\/Oficina-Tecnica-1.jpg\" class=\"attachment-large size-large wp-image-682\" alt=\"\" srcset=\"https:\/\/www.dreamfishers.com\/wp-content\/uploads\/2023\/11\/Oficina-Tecnica-1.jpg 900w, https:\/\/www.dreamfishers.com\/wp-content\/uploads\/2023\/11\/Oficina-Tecnica-1-300x200.jpg 300w, https:\/\/www.dreamfishers.com\/wp-content\/uploads\/2023\/11\/Oficina-Tecnica-1-768x512.jpg 768w\" sizes=\"(max-width: 800px) 100vw, 800px\" longdesc=\"https:\/\/www.dreamfishers.com\/es\/?longdesc=682&amp;referrer=678\" id=\"longdesc-return-682\" \/>\t\t\t\t\t\t\t\t\t\t\t\t\t\t\t<\/div>\n\t\t\t\t<\/div>\n\t\t\t\t\t<\/div>\n\t\t\t\t<\/div>\n\t\t<div class=\"elementor-element elementor-element-7408adb9 e-flex e-con-boxed e-con e-parent\" data-id=\"7408adb9\" data-element_type=\"container\" data-e-type=\"container\" data-settings=\"{&quot;background_background&quot;:&quot;classic&quot;}\">\n\t\t\t\t\t<div class=\"e-con-inner\">\n\t\t\t\t<div class=\"elementor-element elementor-element-5669f4af elementor-widget elementor-widget-heading\" data-id=\"5669f4af\" data-element_type=\"widget\" data-e-type=\"widget\" data-widget_type=\"heading.default\">\n\t\t\t\t<div class=\"elementor-widget-container\">\n\t\t\t\t\t<h2 class=\"elementor-heading-title elementor-size-default\">Somos especialistas en:<\/h2>\t\t\t\t<\/div>\n\t\t\t\t<\/div>\n\t\t<div class=\"elementor-element elementor-element-242a357b e-con-full e-flex e-con e-child\" data-id=\"242a357b\" data-element_type=\"container\" data-e-type=\"container\">\n\t\t<div class=\"elementor-element elementor-element-454b9d e-con-full e-flex e-con e-child\" data-id=\"454b9d\" data-element_type=\"container\" data-e-type=\"container\">\n\t\t\t\t<div class=\"elementor-element elementor-element-30013ea elementor-widget elementor-widget-heading\" data-id=\"30013ea\" data-element_type=\"widget\" data-e-type=\"widget\" data-widget_type=\"heading.default\">\n\t\t\t\t<div class=\"elementor-widget-container\">\n\t\t\t\t\t<h3 class=\"elementor-heading-title elementor-size-default\">Bandas Musicales<\/h3>\t\t\t\t<\/div>\n\t\t\t\t<\/div>\n\t\t\t\t<div class=\"elementor-element elementor-element-528ab81 elementor-widget elementor-widget-image\" data-id=\"528ab81\" data-element_type=\"widget\" data-e-type=\"widget\" data-widget_type=\"image.default\">\n\t\t\t\t<div class=\"elementor-widget-container\">\n\t\t\t\t\t\t\t\t\t\t\t\t\t\t\t<img decoding=\"async\" width=\"800\" height=\"533\" src=\"https:\/\/www.dreamfishers.com\/wp-content\/uploads\/2023\/11\/Bandes-Musicals.jpg\" class=\"attachment-large size-large wp-image-684\" alt=\"\" srcset=\"https:\/\/www.dreamfishers.com\/wp-content\/uploads\/2023\/11\/Bandes-Musicals.jpg 900w, https:\/\/www.dreamfishers.com\/wp-content\/uploads\/2023\/11\/Bandes-Musicals-300x200.jpg 300w, https:\/\/www.dreamfishers.com\/wp-content\/uploads\/2023\/11\/Bandes-Musicals-768x512.jpg 768w\" sizes=\"(max-width: 800px) 100vw, 800px\" longdesc=\"https:\/\/www.dreamfishers.com\/es\/?longdesc=684&amp;referrer=678\" id=\"longdesc-return-684\" \/>\t\t\t\t\t\t\t\t\t\t\t\t\t\t\t<\/div>\n\t\t\t\t<\/div>\n\t\t\t\t<div class=\"elementor-element elementor-element-f445007 elementor-widget elementor-widget-text-editor\" data-id=\"f445007\" data-element_type=\"widget\" data-e-type=\"widget\" data-widget_type=\"text-editor.default\">\n\t\t\t\t<div class=\"elementor-widget-container\">\n\t\t\t\t\t\t\t\t\t<p><b>Planificaci\u00f3n de Giras y Eventos:<\/b> Organizaci\u00f3n de fechas de conciertos, transporte, alojamiento y log\u00edstica de viaje.<\/p>\n<p><b>Gesti\u00f3n T\u00e9cnica:<\/b><br \/> <span style=\"text-align: var(--text-align); background-color: var( --e-global-color-a09d624 ); color: var( --e-global-color-1c0bf96 ); font-family: -apple-system, BlinkMacSystemFont, 'Segoe UI', Roboto, 'Helvetica Neue', Arial, 'Noto Sans', sans-serif, 'Apple Color Emoji', 'Segoe UI Emoji', 'Segoe UI Symbol', 'Noto Color Emoji';\">Coordinaci\u00f3n del montaje y desmontaje de equipos, pruebas de sonido, y asegurar que todos los aspectos t\u00e9cnicos cumplan con los requisitos del evento o del sitio.<\/span><\/p>\n<p><b>Coordinaci\u00f3n de Producci\u00f3n:<br \/><\/b> Dise\u00f1o de escenarios, iluminaci\u00f3n y efectos visuales, merchandising&#8230;<\/p>\n<p><b>Administraci\u00f3n:<\/b><br \/> Gesti\u00f3n de presupuestos, contrataciones, seguros y permisos necesarios para los eventos.<\/p>\n<p><b>Contacto con Proveedores:<\/b><br \/> Negociaci\u00f3n y contrataci\u00f3n de equipos, backlines y servicios necesarios para los conciertos.<\/p>\n\t\t\t\t\t\t\t\t<\/div>\n\t\t\t\t<\/div>\n\t\t\t\t<\/div>\n\t\t<div class=\"elementor-element elementor-element-7bdd0615 e-con-full e-flex e-con e-child\" data-id=\"7bdd0615\" data-element_type=\"container\" data-e-type=\"container\">\n\t\t\t\t<div class=\"elementor-element elementor-element-fe782ab elementor-widget elementor-widget-heading\" data-id=\"fe782ab\" data-element_type=\"widget\" data-e-type=\"widget\" data-widget_type=\"heading.default\">\n\t\t\t\t<div class=\"elementor-widget-container\">\n\t\t\t\t\t<h3 class=\"elementor-heading-title elementor-size-default\">Compa\u00f1\u00edas Teatrales<\/h3>\t\t\t\t<\/div>\n\t\t\t\t<\/div>\n\t\t\t\t<div class=\"elementor-element elementor-element-402b826 elementor-widget elementor-widget-image\" data-id=\"402b826\" data-element_type=\"widget\" data-e-type=\"widget\" data-widget_type=\"image.default\">\n\t\t\t\t<div class=\"elementor-widget-container\">\n\t\t\t\t\t\t\t\t\t\t\t\t\t\t\t<img decoding=\"async\" width=\"800\" height=\"533\" src=\"https:\/\/www.dreamfishers.com\/wp-content\/uploads\/2023\/11\/Cadires-Teatre.jpg\" class=\"attachment-large size-large wp-image-709\" alt=\"\" srcset=\"https:\/\/www.dreamfishers.com\/wp-content\/uploads\/2023\/11\/Cadires-Teatre.jpg 900w, https:\/\/www.dreamfishers.com\/wp-content\/uploads\/2023\/11\/Cadires-Teatre-300x200.jpg 300w, https:\/\/www.dreamfishers.com\/wp-content\/uploads\/2023\/11\/Cadires-Teatre-768x512.jpg 768w\" sizes=\"(max-width: 800px) 100vw, 800px\" longdesc=\"https:\/\/www.dreamfishers.com\/es\/?longdesc=709&amp;referrer=678\" id=\"longdesc-return-709\" \/>\t\t\t\t\t\t\t\t\t\t\t\t\t\t\t<\/div>\n\t\t\t\t<\/div>\n\t\t\t\t<div class=\"elementor-element elementor-element-9016ef2 elementor-widget elementor-widget-text-editor\" data-id=\"9016ef2\" data-element_type=\"widget\" data-e-type=\"widget\" data-widget_type=\"text-editor.default\">\n\t\t\t\t<div class=\"elementor-widget-container\">\n\t\t\t\t\t\t\t\t\t<p><strong>Producci\u00f3n de Obras:<\/strong><br \/> Participar en la planificaci\u00f3n y ejecuci\u00f3n de las producciones teatrales desde su concepci\u00f3n hasta su presentaci\u00f3n final.<\/p>\n<p><strong>Gesti\u00f3n de Ensayos:<\/strong><br \/> Programar los ensayos, administrar espacios y asegurar que el equipo t\u00e9cnico est\u00e9 disponible y sea adecuado.<\/p>\n<p><strong>Dise\u00f1o T\u00e9cnico:<\/strong><br \/> Trabajar con el director y dise\u00f1adores para crear la escenograf\u00eda, iluminaci\u00f3n, sonido y vestuario.<\/p>\n<p><strong>Coordinaci\u00f3n de Personal T\u00e9cnico:<\/strong><br \/> Contratar y supervisar a los t\u00e9cnicos de iluminaci\u00f3n, sonido, maquinistas, entre otros.<\/p>\n<p><strong>Relaciones con el Espacio de Actuaci\u00f3n:<\/strong><br \/> Coordinar con los teatros o sitios de actuaci\u00f3n para cumplir con las especificaciones t\u00e9cnicas y operativas.<\/p>\n\t\t\t\t\t\t\t\t<\/div>\n\t\t\t\t<\/div>\n\t\t\t\t<\/div>\n\t\t<div class=\"elementor-element elementor-element-590e414 e-con-full e-flex e-con e-child\" data-id=\"590e414\" data-element_type=\"container\" data-e-type=\"container\">\n\t\t\t\t<div class=\"elementor-element elementor-element-f53f5ad elementor-widget elementor-widget-heading\" data-id=\"f53f5ad\" data-element_type=\"widget\" data-e-type=\"widget\" data-widget_type=\"heading.default\">\n\t\t\t\t<div class=\"elementor-widget-container\">\n\t\t\t\t\t<h3 class=\"elementor-heading-title elementor-size-default\">Espacios Culturales<\/h3>\t\t\t\t<\/div>\n\t\t\t\t<\/div>\n\t\t\t\t<div class=\"elementor-element elementor-element-b6dd953 elementor-widget elementor-widget-image\" data-id=\"b6dd953\" data-element_type=\"widget\" data-e-type=\"widget\" data-widget_type=\"image.default\">\n\t\t\t\t<div class=\"elementor-widget-container\">\n\t\t\t\t\t\t\t\t\t\t\t\t\t\t\t<img loading=\"lazy\" decoding=\"async\" width=\"800\" height=\"533\" src=\"https:\/\/www.dreamfishers.com\/wp-content\/uploads\/2023\/11\/So-Festival.jpg\" class=\"attachment-large size-large wp-image-703\" alt=\"\" srcset=\"https:\/\/www.dreamfishers.com\/wp-content\/uploads\/2023\/11\/So-Festival.jpg 900w, https:\/\/www.dreamfishers.com\/wp-content\/uploads\/2023\/11\/So-Festival-300x200.jpg 300w, https:\/\/www.dreamfishers.com\/wp-content\/uploads\/2023\/11\/So-Festival-768x512.jpg 768w\" sizes=\"(max-width: 800px) 100vw, 800px\" longdesc=\"https:\/\/www.dreamfishers.com\/es\/?longdesc=703&amp;referrer=678\" id=\"longdesc-return-703\" \/>\t\t\t\t\t\t\t\t\t\t\t\t\t\t\t<\/div>\n\t\t\t\t<\/div>\n\t\t\t\t<div class=\"elementor-element elementor-element-ceac965 elementor-widget elementor-widget-text-editor\" data-id=\"ceac965\" data-element_type=\"widget\" data-e-type=\"widget\" data-widget_type=\"text-editor.default\">\n\t\t\t\t<div class=\"elementor-widget-container\">\n\t\t\t\t\t\t\t\t\t<p><strong>Programaci\u00f3n Cultural:<\/strong><br> Planificar y organizar una variedad de eventos como festivales, exposiciones, talleres, conciertos y funciones de teatro.<\/p>\n<p><strong>Gesti\u00f3n de Espacios:<\/strong><br> Administrar el uso de espacios, asegurando la adecuaci\u00f3n t\u00e9cnica y log\u00edstica de las instalaciones para cada evento.<\/p>\n<p><strong>Relaciones Comunitarias:<\/strong><br> Facilitar la participaci\u00f3n comunitaria y la educaci\u00f3n cultural, posiblemente coordinando eventos con escuelas, grupos locales y otros centros culturales, festivales o instituciones.<\/p>\n<p><strong>Administraci\u00f3n y Desarrollo:<\/strong><br> Buscar financiaci\u00f3n, gestionar presupuestos, y desarrollar estrategias para la sostenibilidad del centro o evento.<\/p>\n<p><strong>Marketing y Comunicaciones:<br><\/strong> Promover eventos y programas, gestionar la venta de entradas y coordinar la comunicaci\u00f3n con los medios de comunicaci\u00f3n y el p\u00fablico.<\/p>\t\t\t\t\t\t\t\t<\/div>\n\t\t\t\t<\/div>\n\t\t\t\t<\/div>\n\t\t\t\t<\/div>\n\t\t\t\t\t<\/div>\n\t\t\t\t<\/div>\n\t\t<div class=\"elementor-element elementor-element-424a5d6 e-flex e-con-boxed e-con e-parent\" data-id=\"424a5d6\" data-element_type=\"container\" data-e-type=\"container\" data-settings=\"{&quot;background_background&quot;:&quot;classic&quot;}\">\n\t\t\t\t\t<div class=\"e-con-inner\">\n\t\t<div class=\"elementor-element elementor-element-37edc61 e-con-full e-flex e-con e-child\" data-id=\"37edc61\" data-element_type=\"container\" data-e-type=\"container\">\n\t\t\t\t<div class=\"elementor-element elementor-element-8f901ff elementor-widget elementor-widget-heading\" data-id=\"8f901ff\" data-element_type=\"widget\" data-e-type=\"widget\" data-widget_type=\"heading.default\">\n\t\t\t\t<div class=\"elementor-widget-container\">\n\t\t\t\t\t<h2 class=\"elementor-heading-title elementor-size-default\">\u00bfTrabajamos juntos?<\/h2>\t\t\t\t<\/div>\n\t\t\t\t<\/div>\n\t\t\t\t<div class=\"elementor-element elementor-element-ef8a97a elementor-widget elementor-widget-heading\" data-id=\"ef8a97a\" data-element_type=\"widget\" data-e-type=\"widget\" data-widget_type=\"heading.default\">\n\t\t\t\t<div class=\"elementor-widget-container\">\n\t\t\t\t\t<span class=\"elementor-heading-title elementor-size-default\">\u00bfTienes un proyecto? \u00a1Te ayudamos a hacerlo realidad!<\/span>\t\t\t\t<\/div>\n\t\t\t\t<\/div>\n\t\t\t\t<div class=\"elementor-element elementor-element-047b0b3 elementor-grid-mobile-0 e-grid-align-left e-grid-align-mobile-center e-grid-align-tablet-center elementor-shape-rounded elementor-grid-0 elementor-widget elementor-widget-social-icons\" data-id=\"047b0b3\" data-element_type=\"widget\" data-e-type=\"widget\" data-widget_type=\"social-icons.default\">\n\t\t\t\t<div class=\"elementor-widget-container\">\n\t\t\t\t\t\t\t<div class=\"elementor-social-icons-wrapper elementor-grid\">\n\t\t\t\t\t\t\t<span class=\"elementor-grid-item\">\n\t\t\t\t\t<a class=\"elementor-icon elementor-social-icon elementor-social-icon-instagram elementor-animation-grow elementor-repeater-item-4d1a4e0\" href=\"https:\/\/www.instagram.com\/dreamfishers\/\" target=\"_blank\" rel=\"noopener\">\n\t\t\t\t\t\t<span class=\"elementor-screen-only\">Instagram<\/span>\n\t\t\t\t\t\t<svg aria-hidden=\"true\" class=\"e-font-icon-svg e-fab-instagram\" viewBox=\"0 0 448 512\" xmlns=\"http:\/\/www.w3.org\/2000\/svg\"><path d=\"M224.1 141c-63.6 0-114.9 51.3-114.9 114.9s51.3 114.9 114.9 114.9S339 319.5 339 255.9 287.7 141 224.1 141zm0 189.6c-41.1 0-74.7-33.5-74.7-74.7s33.5-74.7 74.7-74.7 74.7 33.5 74.7 74.7-33.6 74.7-74.7 74.7zm146.4-194.3c0 14.9-12 26.8-26.8 26.8-14.9 0-26.8-12-26.8-26.8s12-26.8 26.8-26.8 26.8 12 26.8 26.8zm76.1 27.2c-1.7-35.9-9.9-67.7-36.2-93.9-26.2-26.2-58-34.4-93.9-36.2-37-2.1-147.9-2.1-184.9 0-35.8 1.7-67.6 9.9-93.9 36.1s-34.4 58-36.2 93.9c-2.1 37-2.1 147.9 0 184.9 1.7 35.9 9.9 67.7 36.2 93.9s58 34.4 93.9 36.2c37 2.1 147.9 2.1 184.9 0 35.9-1.7 67.7-9.9 93.9-36.2 26.2-26.2 34.4-58 36.2-93.9 2.1-37 2.1-147.8 0-184.8zM398.8 388c-7.8 19.6-22.9 34.7-42.6 42.6-29.5 11.7-99.5 9-132.1 9s-102.7 2.6-132.1-9c-19.6-7.8-34.7-22.9-42.6-42.6-11.7-29.5-9-99.5-9-132.1s-2.6-102.7 9-132.1c7.8-19.6 22.9-34.7 42.6-42.6 29.5-11.7 99.5-9 132.1-9s102.7-2.6 132.1 9c19.6 7.8 34.7 22.9 42.6 42.6 11.7 29.5 9 99.5 9 132.1s2.7 102.7-9 132.1z\"><\/path><\/svg>\t\t\t\t\t<\/a>\n\t\t\t\t<\/span>\n\t\t\t\t\t<\/div>\n\t\t\t\t\t\t<\/div>\n\t\t\t\t<\/div>\n\t\t\t\t<\/div>\n\t\t<div class=\"elementor-element elementor-element-e192001 e-con-full e-flex e-con e-child\" data-id=\"e192001\" data-element_type=\"container\" data-e-type=\"container\">\n\t\t\t\t<div class=\"elementor-element elementor-element-fe41403 elementor-button-align-stretch elementor-widget elementor-widget-form\" data-id=\"fe41403\" data-element_type=\"widget\" data-e-type=\"widget\" data-settings=\"{&quot;step_next_label&quot;:&quot;Next&quot;,&quot;step_previous_label&quot;:&quot;Previous&quot;,&quot;button_width&quot;:&quot;100&quot;,&quot;step_type&quot;:&quot;number_text&quot;,&quot;step_icon_shape&quot;:&quot;circle&quot;}\" data-widget_type=\"form.default\">\n\t\t\t\t<div class=\"elementor-widget-container\">\n\t\t\t\t\t\t\t<form class=\"elementor-form\" method=\"post\" name=\"Formulario de contacto web\" aria-label=\"Formulario de contacto web\">\n\t\t\t<input type=\"hidden\" name=\"post_id\" value=\"678\"\/>\n\t\t\t<input type=\"hidden\" name=\"form_id\" value=\"fe41403\"\/>\n\t\t\t<input type=\"hidden\" name=\"referer_title\" value=\"\" \/>\n\n\t\t\t\n\t\t\t<div class=\"elementor-form-fields-wrapper elementor-labels-\">\n\t\t\t\t\t\t\t\t<div class=\"elementor-field-type-text elementor-field-group elementor-column elementor-field-group-name elementor-col-100 elementor-field-required\">\n\t\t\t\t\t\t\t\t\t\t\t\t<label for=\"form-field-name\" class=\"elementor-field-label elementor-screen-only\">\n\t\t\t\t\t\t\t\tNombre\t\t\t\t\t\t\t<\/label>\n\t\t\t\t\t\t\t\t\t\t\t\t\t\t<input size=\"1\" type=\"text\" name=\"form_fields[name]\" id=\"form-field-name\" class=\"elementor-field elementor-size-sm  elementor-field-textual\" placeholder=\"Nombre\" required=\"required\">\n\t\t\t\t\t\t\t\t\t\t\t<\/div>\n\t\t\t\t\t\t\t\t<div class=\"elementor-field-type-email elementor-field-group elementor-column elementor-field-group-email elementor-col-100 elementor-field-required\">\n\t\t\t\t\t\t\t\t\t\t\t\t<label for=\"form-field-email\" class=\"elementor-field-label elementor-screen-only\">\n\t\t\t\t\t\t\t\tEmail\t\t\t\t\t\t\t<\/label>\n\t\t\t\t\t\t\t\t\t\t\t\t\t\t<input size=\"1\" type=\"email\" name=\"form_fields[email]\" id=\"form-field-email\" class=\"elementor-field elementor-size-sm  elementor-field-textual\" placeholder=\"Email\" required=\"required\">\n\t\t\t\t\t\t\t\t\t\t\t<\/div>\n\t\t\t\t\t\t\t\t<div class=\"elementor-field-type-tel elementor-field-group elementor-column elementor-field-group-telefon elementor-col-100\">\n\t\t\t\t\t\t\t\t\t\t\t\t<label for=\"form-field-telefon\" class=\"elementor-field-label elementor-screen-only\">\n\t\t\t\t\t\t\t\tTel\u00e9fono\t\t\t\t\t\t\t<\/label>\n\t\t\t\t\t\t\t\t<input size=\"1\" type=\"tel\" name=\"form_fields[telefon]\" id=\"form-field-telefon\" class=\"elementor-field elementor-size-sm  elementor-field-textual\" placeholder=\"Tel\u00e9fono\" pattern=\"[0-9()#&amp;+*-=.]+\" title=\"Solo se aceptan n\u00fameros y caracteres de tel\u00e9fono (#,-,*,etc).\">\n\n\t\t\t\t\t\t<\/div>\n\t\t\t\t\t\t\t\t<div class=\"elementor-field-type-textarea elementor-field-group elementor-column elementor-field-group-comentaris elementor-col-100\">\n\t\t\t\t\t\t\t\t\t\t\t\t<label for=\"form-field-comentaris\" class=\"elementor-field-label elementor-screen-only\">\n\t\t\t\t\t\t\t\tComentarios\t\t\t\t\t\t\t<\/label>\n\t\t\t\t\t\t<textarea class=\"elementor-field-textual elementor-field  elementor-size-sm\" name=\"form_fields[comentaris]\" id=\"form-field-comentaris\" rows=\"4\" placeholder=\"Comentarios\"><\/textarea>\t\t\t\t<\/div>\n\t\t\t\t\t\t\t\t<div class=\"elementor-field-type-acceptance elementor-field-group elementor-column elementor-field-group-privacitat elementor-col-100 elementor-field-required\">\n\t\t\t\t\t\t\t\t\t\t\t\t<label for=\"form-field-privacitat\" class=\"elementor-field-label elementor-screen-only\">\n\t\t\t\t\t\t\t\tAceptaci\u00f3n privacidad\t\t\t\t\t\t\t<\/label>\n\t\t\t\t\t\t\t\t<div class=\"elementor-field-subgroup\">\n\t\t\t<span class=\"elementor-field-option\">\n\t\t\t\t<input type=\"checkbox\" name=\"form_fields[privacitat]\" id=\"form-field-privacitat\" class=\"elementor-field elementor-size-sm  elementor-acceptance-field\" required=\"required\">\n\t\t\t\t<label for=\"form-field-privacitat\"><style=\"font-size: 12px;>Acepto la<a href=\"http:\/\/www.dreamfishers.com\/nota-legal\"> pol\u00edtica de privacidad<\/span><br><br><\/label>\t\t\t<\/span>\n\t\t<\/div>\n\t\t\t\t\t\t<\/div>\n\t\t\t\t\t\t\t\t<div class=\"elementor-field-group elementor-column elementor-field-type-submit elementor-col-100 e-form__buttons\">\n\t\t\t\t\t<button class=\"elementor-button elementor-size-xs\" type=\"submit\">\n\t\t\t\t\t\t<span class=\"elementor-button-content-wrapper\">\n\t\t\t\t\t\t\t\t\t\t\t\t\t\t\t\t\t\t\t\t\t\t<span class=\"elementor-button-text\">Enviar  &gt;<\/span>\n\t\t\t\t\t\t\t\t\t\t\t\t\t<\/span>\n\t\t\t\t\t<\/button>\n\t\t\t\t<\/div>\n\t\t\t<\/div>\n\t\t<\/form>\n\t\t\t\t\t\t<\/div>\n\t\t\t\t<\/div>\n\t\t\t\t<\/div>\n\t\t\t\t\t<\/div>\n\t\t\t\t<\/div>\n\t\t\t\t<\/div>\n\t\t","protected":false},"excerpt":{"rendered":"<p>Oficina T\u00e9cnica La oficina t\u00e9cnica act\u00faa como un centro nervioso que garantiza que las operaciones t\u00e9cnicas y log\u00edsticas se ejecuten de forma eficiente y profesional, lo que permite que artistas y participantes se puedan concentrar en el aspecto creativo y en la ejecuci\u00f3n de su trabajo sin ninguna preocupaci\u00f3n a\u00f1adida. Somos especialistas en: Bandas Musicales [&hellip;]<\/p>\n","protected":false},"author":1,"featured_media":0,"parent":0,"menu_order":6,"comment_status":"closed","ping_status":"closed","template":"elementor_header_footer","meta":{"footnotes":""},"class_list":["post-678","page","type-page","status-publish","hentry"],"_links":{"self":[{"href":"https:\/\/www.dreamfishers.com\/es\/wp-json\/wp\/v2\/pages\/678","targetHints":{"allow":["GET"]}}],"collection":[{"href":"https:\/\/www.dreamfishers.com\/es\/wp-json\/wp\/v2\/pages"}],"about":[{"href":"https:\/\/www.dreamfishers.com\/es\/wp-json\/wp\/v2\/types\/page"}],"author":[{"embeddable":true,"href":"https:\/\/www.dreamfishers.com\/es\/wp-json\/wp\/v2\/users\/1"}],"replies":[{"embeddable":true,"href":"https:\/\/www.dreamfishers.com\/es\/wp-json\/wp\/v2\/comments?post=678"}],"version-history":[{"count":2,"href":"https:\/\/www.dreamfishers.com\/es\/wp-json\/wp\/v2\/pages\/678\/revisions"}],"predecessor-version":[{"id":781,"href":"https:\/\/www.dreamfishers.com\/es\/wp-json\/wp\/v2\/pages\/678\/revisions\/781"}],"wp:attachment":[{"href":"https:\/\/www.dreamfishers.com\/es\/wp-json\/wp\/v2\/media?parent=678"}],"curies":[{"name":"wp","href":"https:\/\/api.w.org\/{rel}","templated":true}]}}