{"id":679,"date":"2023-11-27T10:43:19","date_gmt":"2023-11-27T10:43:19","guid":{"rendered":"https:\/\/www.dreamfishers.com\/declaracion-de-accesibilidad\/"},"modified":"2023-11-29T07:55:04","modified_gmt":"2023-11-29T07:55:04","slug":"declaracion-de-accesibilidad","status":"publish","type":"page","link":"https:\/\/www.dreamfishers.com\/es\/declaracion-de-accesibilidad\/","title":{"rendered":"Declaraci\u00f3n de accesibilidad"},"content":{"rendered":"\t\t<div data-elementor-type=\"wp-page\" data-elementor-id=\"679\" class=\"elementor elementor-679 elementor-83\" data-elementor-post-type=\"page\">\n\t\t\t\t<div class=\"elementor-element elementor-element-a7a8ff1 e-flex e-con-boxed e-con e-parent\" data-id=\"a7a8ff1\" data-element_type=\"container\" data-e-type=\"container\">\n\t\t\t\t\t<div class=\"e-con-inner\">\n\t\t\t\t<div class=\"elementor-element elementor-element-f81a8c2 elementor-widget elementor-widget-heading\" data-id=\"f81a8c2\" data-element_type=\"widget\" data-e-type=\"widget\" data-widget_type=\"heading.default\">\n\t\t\t\t<div class=\"elementor-widget-container\">\n\t\t\t\t\t<h1 class=\"elementor-heading-title elementor-size-default\">Declaraci\u00f3n de accesibilidad<\/h1>\t\t\t\t<\/div>\n\t\t\t\t<\/div>\n\t\t\t\t<div class=\"elementor-element elementor-element-1eb58c8 elementor-widget elementor-widget-text-editor\" data-id=\"1eb58c8\" data-element_type=\"widget\" data-e-type=\"widget\" data-widget_type=\"text-editor.default\">\n\t\t\t\t<div class=\"elementor-widget-container\">\n\t\t\t\t\t\t\t\t\t<p><span style=\"text-align: var(--text-align); color: var( --e-global-color-text ); font-family: -apple-system, BlinkMacSystemFont, 'Segoe UI', Roboto, 'Helvetica Neue', Arial, 'Noto Sans', sans-serif, 'Apple Color Emoji', 'Segoe UI Emoji', 'Segoe UI Symbol', 'Noto Color Emoji'; font-size: 1rem;\">Dream Fishers , SL<\/span> se ha comprometido a hacer accesible su sitio web, de conformidad con el <a href=\"https:\/\/www.boe.es\/diario_boe\/txt.php?id=BOE-A-2018-12699\" target=\"_blank\" rel=\"noopener\">Real Decreto 1112\/2018<\/a> , de 7 de septiembre, sobre accesibilidad de los sitios web y aplicaciones para dispositivos m\u00f3viles.<\/p>\n<p>La presente declaraci\u00f3n de accesibilidad se aplica a <span style=\"text-decoration: underline;\"><a href=\"https:\/\/www.dreamfishers.com\/es\/\" target=\"_new\">https:\/\/www.dreamfishers.com\/<\/a><\/span><\/p>\n\t\t\t\t\t\t\t\t<\/div>\n\t\t\t\t<\/div>\n\t\t\t\t<div class=\"elementor-element elementor-element-e015ce0 elementor-widget elementor-widget-heading\" data-id=\"e015ce0\" data-element_type=\"widget\" data-e-type=\"widget\" data-widget_type=\"heading.default\">\n\t\t\t\t<div class=\"elementor-widget-container\">\n\t\t\t\t\t<h2 class=\"elementor-heading-title elementor-size-default\">SITUACI\u00d3N DE CUMPLIMIENTO<\/h2>\t\t\t\t<\/div>\n\t\t\t\t<\/div>\n\t\t\t\t<div class=\"elementor-element elementor-element-d28b105 elementor-widget elementor-widget-text-editor\" data-id=\"d28b105\" data-element_type=\"widget\" data-e-type=\"widget\" data-widget_type=\"text-editor.default\">\n\t\t\t\t<div class=\"elementor-widget-container\">\n\t\t\t\t\t\t\t\t\t<p>Este sitio web es parcialmente conforme al Real Decreto 1112\/2018 debido a la falta de conformidad de los aspectos que se indican a continuaci\u00f3n.<\/p>\n\t\t\t\t\t\t\t\t<\/div>\n\t\t\t\t<\/div>\n\t\t\t\t<div class=\"elementor-element elementor-element-59b6fed elementor-widget elementor-widget-heading\" data-id=\"59b6fed\" data-element_type=\"widget\" data-e-type=\"widget\" data-widget_type=\"heading.default\">\n\t\t\t\t<div class=\"elementor-widget-container\">\n\t\t\t\t\t<h2 class=\"elementor-heading-title elementor-size-default\">CONTENIDO NO ACCESIBLE<\/h2>\t\t\t\t<\/div>\n\t\t\t\t<\/div>\n\t\t\t\t<div class=\"elementor-element elementor-element-1107a13 elementor-widget elementor-widget-text-editor\" data-id=\"1107a13\" data-element_type=\"widget\" data-e-type=\"widget\" data-widget_type=\"text-editor.default\">\n\t\t\t\t<div class=\"elementor-widget-container\">\n\t\t\t\t\t\t\t\t\t<ul>\n<li>El contenido no textual de algunas p\u00e1ginas no tiene una alternativa textual adecuada.<\/li>\n<li>Existe alguna p\u00e1gina en la que la informaci\u00f3n, la estructura y las relaciones comunicadas a trav\u00e9s de la presentaci\u00f3n no pueden ser determinadas por software o no est\u00e1n disponibles como texto.<\/li>\n<li>Algunos formularios pueden no tener asociados los elementos de forma adecuada.<\/li>\n<li>En algunas secciones existen tama\u00f1os de letras en medidas absolutas (p\u00edxeles).<\/li>\n<li>En algunas p\u00e1ginas podr\u00eda haber problemas en el orden de lectura y tabulaci\u00f3n.<\/li>\n<li>En algunos contenidos, el foco del teclado no es visible o se comporta de forma inesperada.<\/li>\n<li>El v\u00ednculo de saltar al contenido principal est\u00e1 pendiente de ser ajustado.<\/li>\n<li>Algunas secciones podr\u00edan no tener correctamente generados los encabezados y etiquetas.<\/li>\n<li>Podr\u00edan existir fallas puntuales de edici\u00f3n en alguna p\u00e1gina web.<\/li>\n<li>Carga desproporcionada: No se aplica.<\/li>\n<li>Contenido no entra dentro del campo de la legislaci\u00f3n aplicable: No se aplica.<\/li>\n<\/ul>\n\t\t\t\t\t\t\t\t<\/div>\n\t\t\t\t<\/div>\n\t\t\t\t<div class=\"elementor-element elementor-element-baac13e elementor-widget elementor-widget-heading\" data-id=\"baac13e\" data-element_type=\"widget\" data-e-type=\"widget\" data-widget_type=\"heading.default\">\n\t\t\t\t<div class=\"elementor-widget-container\">\n\t\t\t\t\t<h2 class=\"elementor-heading-title elementor-size-default\">PREPARACI\u00d3N DE LA PRESENTE DECLARACI\u00d3N DE ACCESIBILIDAD<\/h2>\t\t\t\t<\/div>\n\t\t\t\t<\/div>\n\t\t\t\t<div class=\"elementor-element elementor-element-56bd8df elementor-widget elementor-widget-text-editor\" data-id=\"56bd8df\" data-element_type=\"widget\" data-e-type=\"widget\" data-widget_type=\"text-editor.default\">\n\t\t\t\t<div class=\"elementor-widget-container\">\n\t\t\t\t\t\t\t\t\t<p>La presente declaraci\u00f3n fue preparada el 25 de noviembre de 2023  <span style=\"text-align: var(--text-align); background-color: var( --e-global-color-67cf155 ); color: var( --e-global-color-text ); font-family: -apple-system, BlinkMacSystemFont, 'Segoe UI', Roboto, 'Helvetica Neue', Arial, 'Noto Sans', sans-serif, 'Apple Color Emoji', 'Segoe UI Emoji', 'Segoe UI Symbol', 'Noto Color Emoji'; font-size: 1rem;\">El m\u00e9todo utilizado para preparar la declaraci\u00f3n ha sido una evaluaci\u00f3n en profundidad por parte del desarrollador web.<\/span><\/p>\n<p>\u00daltima revisi\u00f3n de la declaraci\u00f3n: 25 de noviembre de 2023<\/p>\n\t\t\t\t\t\t\t\t<\/div>\n\t\t\t\t<\/div>\n\t\t\t\t<div class=\"elementor-element elementor-element-1e555be elementor-widget elementor-widget-heading\" data-id=\"1e555be\" data-element_type=\"widget\" data-e-type=\"widget\" data-widget_type=\"heading.default\">\n\t\t\t\t<div class=\"elementor-widget-container\">\n\t\t\t\t\t<h2 class=\"elementor-heading-title elementor-size-default\">OBSERVACIONES Y DATOS DE CONTACTO<\/h2>\t\t\t\t<\/div>\n\t\t\t\t<\/div>\n\t\t\t\t<div class=\"elementor-element elementor-element-f2419b7 elementor-widget elementor-widget-text-editor\" data-id=\"f2419b7\" data-element_type=\"widget\" data-e-type=\"widget\" data-widget_type=\"text-editor.default\">\n\t\t\t\t<div class=\"elementor-widget-container\">\n\t\t\t\t\t\t\t\t\t<p>Comunicaciones sobre requisitos de accesibilidad:<\/p>\n<p>Puede comunicar incumplimientos en los requisitos de accesibilidad de nuestro sitio WEB, dificultad de acceso al contenido o realizar sugerencias y mejoras, a trav\u00e9s de las siguientes v\u00edas: correo electr\u00f3nico a hola@dreamfishsers.com.<\/p>\n<p>Solicitudes de informaci\u00f3n accesible y quejas:<\/p>\n<p>A trav\u00e9s del formulario de los mismos canales puede presentar una queja relativa al cumplimiento de los requisitos que establece el RD 1112\/2018 o presentar una solicitud de Informaci\u00f3n accesible.<\/p>\n\t\t\t\t\t\t\t\t<\/div>\n\t\t\t\t<\/div>\n\t\t\t\t<div class=\"elementor-element elementor-element-953676f elementor-widget elementor-widget-heading\" data-id=\"953676f\" data-element_type=\"widget\" data-e-type=\"widget\" data-widget_type=\"heading.default\">\n\t\t\t\t<div class=\"elementor-widget-container\">\n\t\t\t\t\t<h2 class=\"elementor-heading-title elementor-size-default\">PROCEDIMIENTO DE APLICACI\u00d3N<\/h2>\t\t\t\t<\/div>\n\t\t\t\t<\/div>\n\t\t\t\t<div class=\"elementor-element elementor-element-94963fe elementor-widget elementor-widget-text-editor\" data-id=\"94963fe\" data-element_type=\"widget\" data-e-type=\"widget\" data-widget_type=\"text-editor.default\">\n\t\t\t\t<div class=\"elementor-widget-container\">\n\t\t\t\t\t\t\t\t\t<p>Puede presentar una reclamaci\u00f3n contra la respuesta a una solicitud de informaci\u00f3n accesible o queja relacionada con la accesibilidad de estos sitios web (art\u00edculo 13 del RD 1112\/2018) cuando:<\/p>\n<ul>\n<li>Su solicitud o queja hubiera sido desestimada. no est\u00e9 de acuerdo con la decisi\u00f3n adoptada.<\/li>\n<li>La respuesta no cumple con los requisitos contemplados en el art\u00edculo 12.5 del Real Decreto 1112\/2018.<\/li>\n<li>Ha transcurrido el plazo de veinte d\u00edas h\u00e1biles<\/li>\n<\/ul>\n<p>La reclamaci\u00f3n puede presentarse a trav\u00e9s de la Sede Electr\u00f3nica de la AEPD, as\u00ed como utilizando cualquiera de las opciones previstas en la Ley 39\/2015, de 1 de octubre, del Procedimiento Administrativo Com\u00fan de las Administraciones P\u00fablicas.<\/p>\n<p>Las reclamaciones ser\u00e1n recibidas y tratadas por la Unidad Responsable de Accesibilidad.<\/p>\n\t\t\t\t\t\t\t\t<\/div>\n\t\t\t\t<\/div>\n\t\t\t\t<div class=\"elementor-element elementor-element-cae9d79 elementor-widget elementor-widget-heading\" data-id=\"cae9d79\" data-element_type=\"widget\" data-e-type=\"widget\" data-widget_type=\"heading.default\">\n\t\t\t\t<div class=\"elementor-widget-container\">\n\t\t\t\t\t<h2 class=\"elementor-heading-title elementor-size-default\">CONTENIDO OPCIONAL<\/h2>\t\t\t\t<\/div>\n\t\t\t\t<\/div>\n\t\t\t\t<div class=\"elementor-element elementor-element-dc05dd0 elementor-widget elementor-widget-text-editor\" data-id=\"dc05dd0\" data-element_type=\"widget\" data-e-type=\"widget\" data-widget_type=\"text-editor.default\">\n\t\t\t\t<div class=\"elementor-widget-container\">\n\t\t\t\t\t\t\t\t\t<p>La accesibilidad del portal se ha tenido en cuenta de forma integral en el proceso de dise\u00f1o, gesti\u00f3n, mantenimiento y actualizaci\u00f3n de contenidos.<\/p>\n<p>Este sitio web aplica los requisitos de la Norma UNE-EN 301549:2022 considerando las excepciones del RD 1112\/2018.<\/p>\n<p>La \u00faltima revisi\u00f3n de accesibilidad se ha realizado en noviembre de 2023.<\/p>\n\t\t\t\t\t\t\t\t<\/div>\n\t\t\t\t<\/div>\n\t\t\t\t<div class=\"elementor-element elementor-element-44b64aa elementor-widget elementor-widget-heading\" data-id=\"44b64aa\" data-element_type=\"widget\" data-e-type=\"widget\" data-widget_type=\"heading.default\">\n\t\t\t\t<div class=\"elementor-widget-container\">\n\t\t\t\t\t<h2 class=\"elementor-heading-title elementor-size-default\">COMPATIBILIDAD<\/h2>\t\t\t\t<\/div>\n\t\t\t\t<\/div>\n\t\t\t\t<div class=\"elementor-element elementor-element-5137f99 elementor-widget elementor-widget-text-editor\" data-id=\"5137f99\" data-element_type=\"widget\" data-e-type=\"widget\" data-widget_type=\"text-editor.default\">\n\t\t\t\t<div class=\"elementor-widget-container\">\n\t\t\t\t\t\t\t\t\t<ul>\n<li>El sitio web www.dreamfishers.com se ha dise\u00f1ado adapt\u00e1ndose a los est\u00e1ndares y normativas vigentes en relaci\u00f3n a la accesibilidad, cumpliendo con los puntos de verificaci\u00f3n de prioridad 2 (AA) definidos en la especificaci\u00f3n de Pautas de Accesibilidad al Contenido en la Web (WCAG 2.1).<\/li>\n<li>Est\u00e1 optimizado para las \u00faltimas versiones vigentes de Chrome, Edge, Firefox, Safari y Opera.<\/li>\n<li>Se ha dise\u00f1ado para su correcta visualizaci\u00f3n en cualquier resoluci\u00f3n y dispositivo de escritorio, tabletas o m\u00f3viles (dise\u00f1o responsive).<\/li>\n<li>Se ha realizado utilizando HTML5 como lenguaje de marcado y hojas de estilo CSS 3 para su dise\u00f1o.<\/li>\n<li>Adem\u00e1s, se realiza un trabajo continuo de auditor\u00eda y revisi\u00f3n de contenidos para facilitar su interpretaci\u00f3n y mejorar la navegaci\u00f3n por el sitio web.<\/li>\n<\/ul>\t\t\t\t\t\t\t\t<\/div>\n\t\t\t\t<\/div>\n\t\t\t\t\t<\/div>\n\t\t\t\t<\/div>\n\t\t\t\t<\/div>\n\t\t","protected":false},"excerpt":{"rendered":"<p>Declaraci\u00f3n de accesibilidad Dream Fishers , SL se ha comprometido a hacer accesible su sitio web, de conformidad con el Real Decreto 1112\/2018 , de 7 de septiembre, sobre accesibilidad de los sitios web y aplicaciones para dispositivos m\u00f3viles. La presente declaraci\u00f3n de accesibilidad se aplica a https:\/\/www.dreamfishers.com\/ SITUACI\u00d3N DE CUMPLIMIENTO Este sitio web es [&hellip;]<\/p>\n","protected":false},"author":1,"featured_media":0,"parent":0,"menu_order":16,"comment_status":"closed","ping_status":"closed","template":"elementor_header_footer","meta":{"footnotes":""},"class_list":["post-679","page","type-page","status-publish","hentry"],"_links":{"self":[{"href":"https:\/\/www.dreamfishers.com\/es\/wp-json\/wp\/v2\/pages\/679","targetHints":{"allow":["GET"]}}],"collection":[{"href":"https:\/\/www.dreamfishers.com\/es\/wp-json\/wp\/v2\/pages"}],"about":[{"href":"https:\/\/www.dreamfishers.com\/es\/wp-json\/wp\/v2\/types\/page"}],"author":[{"embeddable":true,"href":"https:\/\/www.dreamfishers.com\/es\/wp-json\/wp\/v2\/users\/1"}],"replies":[{"embeddable":true,"href":"https:\/\/www.dreamfishers.com\/es\/wp-json\/wp\/v2\/comments?post=679"}],"version-history":[{"count":1,"href":"https:\/\/www.dreamfishers.com\/es\/wp-json\/wp\/v2\/pages\/679\/revisions"}],"predecessor-version":[{"id":697,"href":"https:\/\/www.dreamfishers.com\/es\/wp-json\/wp\/v2\/pages\/679\/revisions\/697"}],"wp:attachment":[{"href":"https:\/\/www.dreamfishers.com\/es\/wp-json\/wp\/v2\/media?parent=679"}],"curies":[{"name":"wp","href":"https:\/\/api.w.org\/{rel}","templated":true}]}}