{"id":685,"date":"2023-11-27T10:05:23","date_gmt":"2023-11-27T10:05:23","guid":{"rendered":"https:\/\/www.dreamfishers.com\/presentacion-dream-fishers\/"},"modified":"2024-10-27T19:15:54","modified_gmt":"2024-10-27T19:15:54","slug":"presentacion-dream-fishers","status":"publish","type":"page","link":"https:\/\/www.dreamfishers.com\/es\/presentacion-dream-fishers\/","title":{"rendered":"Presentaci\u00f3n Dream Fishers"},"content":{"rendered":"\t\t<div data-elementor-type=\"wp-page\" data-elementor-id=\"685\" class=\"elementor elementor-685 elementor-51\" data-elementor-post-type=\"page\">\n\t\t\t\t<div class=\"elementor-element elementor-element-331ebf0 e-flex e-con-boxed e-con e-parent\" data-id=\"331ebf0\" data-element_type=\"container\" data-e-type=\"container\" data-settings=\"{&quot;background_background&quot;:&quot;classic&quot;}\">\n\t\t\t\t\t<div class=\"e-con-inner\">\n\t\t<div class=\"elementor-element elementor-element-6501e49 e-con-full e-flex e-con e-child\" data-id=\"6501e49\" data-element_type=\"container\" data-e-type=\"container\">\n\t\t\t\t<div class=\"elementor-element elementor-element-ab4ba1f elementor-widget elementor-widget-heading\" data-id=\"ab4ba1f\" data-element_type=\"widget\" data-e-type=\"widget\" data-widget_type=\"heading.default\">\n\t\t\t\t<div class=\"elementor-widget-container\">\n\t\t\t\t\t<h1 class=\"elementor-heading-title elementor-size-default\">Dream Fishers<\/h1>\t\t\t\t<\/div>\n\t\t\t\t<\/div>\n\t\t\t\t<div class=\"elementor-element elementor-element-4c43c285 animated-slow elementor-invisible elementor-widget elementor-widget-heading\" data-id=\"4c43c285\" data-element_type=\"widget\" data-e-type=\"widget\" data-settings=\"{&quot;_animation&quot;:&quot;slideInUp&quot;}\" data-widget_type=\"heading.default\">\n\t\t\t\t<div class=\"elementor-widget-container\">\n\t\t\t\t\t<h2 class=\"elementor-heading-title elementor-size-default\">\u00a1Que empiece el espect\u00e1culo!<\/h2>\t\t\t\t<\/div>\n\t\t\t\t<\/div>\n\t\t\t\t<\/div>\n\t\t\t\t<div class=\"elementor-element elementor-element-7e47bee elementor-widget__width-initial elementor-widget-tablet__width-inherit elementor-widget elementor-widget-image\" data-id=\"7e47bee\" data-element_type=\"widget\" data-e-type=\"widget\" data-widget_type=\"image.default\">\n\t\t\t\t<div class=\"elementor-widget-container\">\n\t\t\t\t\t\t\t\t\t\t\t\t\t\t\t<img fetchpriority=\"high\" decoding=\"async\" width=\"800\" height=\"533\" src=\"https:\/\/www.dreamfishers.com\/wp-content\/uploads\/2023\/11\/Oficina-Tecnica.jpg\" class=\"attachment-large size-large wp-image-698\" alt=\"\" srcset=\"https:\/\/www.dreamfishers.com\/wp-content\/uploads\/2023\/11\/Oficina-Tecnica.jpg 900w, https:\/\/www.dreamfishers.com\/wp-content\/uploads\/2023\/11\/Oficina-Tecnica-300x200.jpg 300w, https:\/\/www.dreamfishers.com\/wp-content\/uploads\/2023\/11\/Oficina-Tecnica-768x512.jpg 768w\" sizes=\"(max-width: 800px) 100vw, 800px\" longdesc=\"https:\/\/www.dreamfishers.com\/es\/?longdesc=698&amp;referrer=685\" id=\"longdesc-return-698\" \/>\t\t\t\t\t\t\t\t\t\t\t\t\t\t\t<\/div>\n\t\t\t\t<\/div>\n\t\t\t\t\t<\/div>\n\t\t\t\t<\/div>\n\t\t<div class=\"elementor-element elementor-element-87409f9 e-flex e-con-boxed e-con e-parent\" data-id=\"87409f9\" data-element_type=\"container\" data-e-type=\"container\" data-settings=\"{&quot;background_background&quot;:&quot;classic&quot;}\">\n\t\t\t\t\t<div class=\"e-con-inner\">\n\t\t\t\t<div class=\"elementor-element elementor-element-b838259 elementor-widget elementor-widget-heading\" data-id=\"b838259\" data-element_type=\"widget\" data-e-type=\"widget\" data-widget_type=\"heading.default\">\n\t\t\t\t<div class=\"elementor-widget-container\">\n\t\t\t\t\t<h2 class=\"elementor-heading-title elementor-size-default\">Lo que somos y lo que hacemos<\/h2>\t\t\t\t<\/div>\n\t\t\t\t<\/div>\n\t\t\t\t<div class=\"elementor-element elementor-element-5e51b91 elementor-widget__width-initial elementor-widget elementor-widget-heading\" data-id=\"5e51b91\" data-element_type=\"widget\" data-e-type=\"widget\" data-widget_type=\"heading.default\">\n\t\t\t\t<div class=\"elementor-widget-container\">\n\t\t\t\t\t<h3 class=\"elementor-heading-title elementor-size-default\">Oficina t\u00e9cnica, merchandising y log\u00edstica para bandas musicales, compa\u00f1\u00edas de teatro, festivales, eventos art\u00edsticos y centros culturales.<\/h3>\t\t\t\t<\/div>\n\t\t\t\t<\/div>\n\t\t\t\t<div class=\"elementor-element elementor-element-5cc35ec elementor-widget elementor-widget-text-editor\" data-id=\"5cc35ec\" data-element_type=\"widget\" data-e-type=\"widget\" data-widget_type=\"text-editor.default\">\n\t\t\t\t<div class=\"elementor-widget-container\">\n\t\t\t\t\t\t\t\t\t<p><span style=\"text-align: var(--text-align); background-color: var( --e-global-color-a09d624 ); color: var( --e-global-color-1c0bf96 ); font-family: -apple-system, BlinkMacSystemFont, 'Segoe UI', Roboto, 'Helvetica Neue', Arial, 'Noto Sans', sans-serif, 'Apple Color Emoji', 'Segoe UI Emoji', 'Segoe UI Symbol', 'Noto Color Emoji';\">Con un profundo conocimiento de los distintos \u00e1mbitos culturales y un gran respeto por la creaci\u00f3n art\u00edstica, Dream Fishers ofrecemos un abanico de servicios t\u00e9cnicos y de gesti\u00f3n destinados a garantizar el \u00e9xito de cualquier proyecto cultural.<\/span><\/p>\n<p>A trav\u00e9s de nuestros servicios de oficina t\u00e9cnica, proporcionamos soporte no s\u00f3lo en la planificaci\u00f3n y coordinaci\u00f3n, sino tambi\u00e9n en la producci\u00f3n ejecutiva de eventos, ofreciendo soluciones integrales que incluyen desde la iluminaci\u00f3n y el sonido hasta el montaje escenogr\u00e1fico, asegurando as\u00ed, la calidad y el impacto de las presentaciones en directo.<\/p>\n<p>Nos especializamos en comprender y materializar la visi\u00f3n de los artistas y productores, cuidando cada detalle para que la experiencia del espect\u00e1culo sea inolvidable y la tranquilidad de los artistas, total.<\/p>\n<p>Complementamos nuestra oferta con un servicio integral de merchandising que refleja el esp\u00edritu de la creaci\u00f3n art\u00edstica y encuentra una gran aceptaci\u00f3n entre el p\u00fablico.<\/p>\n<p>Desarrollamos estrategias de marketing que resuenan con la identidad de nuestros clientes, ofreciendo art\u00edculos personalizados de alta calidad como camisetas, sudaderas y gorras que permiten a los artistas y compa\u00f1\u00edas promocionar y rentabilizar sus producciones sin preocupaciones, asegurando una experiencia magn\u00edfica para su p\u00fablico .<\/p>\n<p>Entendemos que cada producci\u00f3n cultural es \u00fanica, por eso nuestro enfoque es personalizado y meticuloso. , desde la sostenibilidad de los productos hasta el control econ\u00f3mico m\u00e1s estricto.<\/p>\n<p>Con Dream Fishers , la creatividad y la innovaci\u00f3n se encuentran con la eficiencia y la efectividad, asegurando que cada producci\u00f3n cultural alcance su m\u00e1ximo potencial.<\/p>\n\t\t\t\t\t\t\t\t<\/div>\n\t\t\t\t<\/div>\n\t\t\t\t\t<\/div>\n\t\t\t\t<\/div>\n\t\t<div class=\"elementor-element elementor-element-5dc5bef5 e-flex e-con-boxed e-con e-parent\" data-id=\"5dc5bef5\" data-element_type=\"container\" data-e-type=\"container\" data-settings=\"{&quot;background_background&quot;:&quot;classic&quot;}\">\n\t\t\t\t\t<div class=\"e-con-inner\">\n\t\t<div class=\"elementor-element elementor-element-4d3d7d59 e-con-full e-flex e-con e-child\" data-id=\"4d3d7d59\" data-element_type=\"container\" data-e-type=\"container\">\n\t\t\t\t<div class=\"elementor-element elementor-element-5d3a2326 elementor-blockquote--skin-quotation elementor-blockquote--align-center elementor-widget elementor-widget-blockquote\" data-id=\"5d3a2326\" data-element_type=\"widget\" data-e-type=\"widget\" data-widget_type=\"blockquote.default\">\n\t\t\t\t<div class=\"elementor-widget-container\">\n\t\t\t\t\t\t\t<blockquote class=\"elementor-blockquote\">\n\t\t\t<p class=\"elementor-blockquote__content\">\n\t\t\t\tEn Dream Fishers somos inquietos por naturaleza y nos apasionan los retos: montar, producir, solucionar, crear, gestionar...  <br><br>Vinculados al mundo del espect\u00e1culo desde siempre, te ayudamos a cubrir cualquier necesidad.\t\t\t<\/p>\n\t\t\t\t\t<\/blockquote>\n\t\t\t\t\t\t<\/div>\n\t\t\t\t<\/div>\n\t\t\t\t<\/div>\n\t\t\t\t\t<\/div>\n\t\t\t\t<\/div>\n\t\t<div class=\"elementor-element elementor-element-c6a52f7 e-flex e-con-boxed e-con e-parent\" data-id=\"c6a52f7\" data-element_type=\"container\" data-e-type=\"container\">\n\t\t\t\t\t<div class=\"e-con-inner\">\n\t\t\t\t<div class=\"elementor-element elementor-element-ecdf5ae elementor-widget elementor-widget-heading\" data-id=\"ecdf5ae\" data-element_type=\"widget\" data-e-type=\"widget\" data-widget_type=\"heading.default\">\n\t\t\t\t<div class=\"elementor-widget-container\">\n\t\t\t\t\t<h2 class=\"elementor-heading-title elementor-size-default\">El equipo de Dream Fishers<\/h2>\t\t\t\t<\/div>\n\t\t\t\t<\/div>\n\t\t<div class=\"elementor-element elementor-element-40de22d e-con-full e-flex e-con e-child\" data-id=\"40de22d\" data-element_type=\"container\" data-e-type=\"container\">\n\t\t<div class=\"elementor-element elementor-element-454c65d e-con-full e-flex e-con e-child\" data-id=\"454c65d\" data-element_type=\"container\" data-e-type=\"container\">\n\t\t\t\t<div class=\"elementor-element elementor-element-98ba373 elementor-widget elementor-widget-heading\" data-id=\"98ba373\" data-element_type=\"widget\" data-e-type=\"widget\" data-widget_type=\"heading.default\">\n\t\t\t\t<div class=\"elementor-widget-container\">\n\t\t\t\t\t<h3 class=\"elementor-heading-title elementor-size-default\">Jordi Llunell<\/h3>\t\t\t\t<\/div>\n\t\t\t\t<\/div>\n\t\t\t\t<div class=\"elementor-element elementor-element-862e4eb elementor-widget elementor-widget-image\" data-id=\"862e4eb\" data-element_type=\"widget\" data-e-type=\"widget\" data-widget_type=\"image.default\">\n\t\t\t\t<div class=\"elementor-widget-container\">\n\t\t\t\t\t\t\t\t\t\t\t\t\t\t\t<img decoding=\"async\" width=\"800\" height=\"533\" src=\"https:\/\/www.dreamfishers.com\/wp-content\/uploads\/2023\/11\/Jordi-Llunell.jpg\" class=\"attachment-large size-large wp-image-710\" alt=\"\" srcset=\"https:\/\/www.dreamfishers.com\/wp-content\/uploads\/2023\/11\/Jordi-Llunell.jpg 900w, https:\/\/www.dreamfishers.com\/wp-content\/uploads\/2023\/11\/Jordi-Llunell-300x200.jpg 300w, https:\/\/www.dreamfishers.com\/wp-content\/uploads\/2023\/11\/Jordi-Llunell-768x512.jpg 768w\" sizes=\"(max-width: 800px) 100vw, 800px\" longdesc=\"https:\/\/www.dreamfishers.com\/es\/?longdesc=710&amp;referrer=685\" id=\"longdesc-return-710\" \/>\t\t\t\t\t\t\t\t\t\t\t\t\t\t\t<\/div>\n\t\t\t\t<\/div>\n\t\t\t\t<div class=\"elementor-element elementor-element-7f0786c elementor-widget elementor-widget-text-editor\" data-id=\"7f0786c\" data-element_type=\"widget\" data-e-type=\"widget\" data-widget_type=\"text-editor.default\">\n\t\t\t\t<div class=\"elementor-widget-container\">\n\t\t\t\t\t\t\t\t\t<p>Cofundador de DF.  <\/p>\n<p>Si piensa en un escenario, seguro que encontrar\u00e1 a Jordi.  <\/p>\n<p>\u00c9l es la persona que se encarga de que todo funcione.  <\/p>\n<p>Vinculado al mundo t\u00e9cnico desde hace muchos a\u00f1os, podr\u00edamos decir que ha pasado por todos los papeles del auca; y esto le convierte en un gran conocedor de todos los \u201ctrucos\u201d.  <\/p>\n<p>Actualmente se dedica principalmente a la direcci\u00f3n t\u00e9cnica y gesti\u00f3n de espect\u00e1culos y giras en la escena musical y teatral.  <\/p>\n<p>Trabajos m\u00e1s recientes:<\/p>\n<ul>\n<li>Direcci\u00f3n y\/o gesti\u00f3n t\u00e9cnica en la compa\u00f1\u00eda \u201cLa Cal\u00f2rica\u201d, en diversos espect\u00e1culos como: \u201cLe congr\u00e8s ne marche paso\u201d (2023), \u201cDe qu\u00e9 hablamos mientras no hablamos de esta mierda\u201d (2020),&#8230;<\/li>\n<li>Tour manager de \u201cLos Catarres\u201d<\/li>\n<li>Productor y jefe t\u00e9cnico del \u201cFestival Observa\u201d<\/li>\n<li>Backliner y otras disciplinas t\u00e9cnicas en diversas giras de Antonio Orozco, Carlos Latre, Ojos de Brujo,&#8230;<\/li>\n<\/ul>\n\t\t\t\t\t\t\t\t<\/div>\n\t\t\t\t<\/div>\n\t\t\t\t<\/div>\n\t\t<div class=\"elementor-element elementor-element-48d0796 e-con-full e-flex e-con e-child\" data-id=\"48d0796\" data-element_type=\"container\" data-e-type=\"container\">\n\t\t\t\t<div class=\"elementor-element elementor-element-73acc08 elementor-widget elementor-widget-heading\" data-id=\"73acc08\" data-element_type=\"widget\" data-e-type=\"widget\" data-widget_type=\"heading.default\">\n\t\t\t\t<div class=\"elementor-widget-container\">\n\t\t\t\t\t<h3 class=\"elementor-heading-title elementor-size-default\">Anna Roca<\/h3>\t\t\t\t<\/div>\n\t\t\t\t<\/div>\n\t\t\t\t<div class=\"elementor-element elementor-element-8678c77 elementor-widget elementor-widget-image\" data-id=\"8678c77\" data-element_type=\"widget\" data-e-type=\"widget\" data-widget_type=\"image.default\">\n\t\t\t\t<div class=\"elementor-widget-container\">\n\t\t\t\t\t\t\t\t\t\t\t\t\t\t\t<img decoding=\"async\" width=\"800\" height=\"533\" src=\"https:\/\/www.dreamfishers.com\/wp-content\/uploads\/2023\/11\/Anna-Roca.jpg\" class=\"attachment-large size-large wp-image-711\" alt=\"\" srcset=\"https:\/\/www.dreamfishers.com\/wp-content\/uploads\/2023\/11\/Anna-Roca.jpg 900w, https:\/\/www.dreamfishers.com\/wp-content\/uploads\/2023\/11\/Anna-Roca-300x200.jpg 300w, https:\/\/www.dreamfishers.com\/wp-content\/uploads\/2023\/11\/Anna-Roca-768x512.jpg 768w\" sizes=\"(max-width: 800px) 100vw, 800px\" longdesc=\"https:\/\/www.dreamfishers.com\/es\/?longdesc=711&amp;referrer=685\" id=\"longdesc-return-711\" \/>\t\t\t\t\t\t\t\t\t\t\t\t\t\t\t<\/div>\n\t\t\t\t<\/div>\n\t\t\t\t<div class=\"elementor-element elementor-element-790fdf0 elementor-widget elementor-widget-text-editor\" data-id=\"790fdf0\" data-element_type=\"widget\" data-e-type=\"widget\" data-widget_type=\"text-editor.default\">\n\t\t\t\t<div class=\"elementor-widget-container\">\n\t\t\t\t\t\t\t\t\t<p>Cofundadora de DF.  <\/p>\n<p>Ella es la cara no visible de DF, pero que es imprescidible.  <\/p>\n<p>Encargada de la gesti\u00f3n administrativa y de toda la gesti\u00f3n de la producci\u00f3n material del merchandising.  <\/p>\n<p>Trabajos m\u00e1s recientes:<\/p>\n<ul>\n<li>Gesti\u00f3n de la producci\u00f3n del material de merchandising de la crew de Cal\u00f3rica<\/li>\n<li>Gesti\u00f3n de la producci\u00f3n y distribuci\u00f3n del material de merchandising de la gira Diamantes (2022-23) y Coro (2023-24) de Catarres<\/li>\n<li>Gesti\u00f3n de la producci\u00f3n del material de merchandising de la crew de la c\u00eda. Fac-off<\/li>\n<\/ul>\n\t\t\t\t\t\t\t\t<\/div>\n\t\t\t\t<\/div>\n\t\t\t\t<\/div>\n\t\t<div class=\"elementor-element elementor-element-f8ca29b e-con-full e-flex e-con e-child\" data-id=\"f8ca29b\" data-element_type=\"container\" data-e-type=\"container\">\n\t\t\t\t<div class=\"elementor-element elementor-element-1f6e773 elementor-widget elementor-widget-heading\" data-id=\"1f6e773\" data-element_type=\"widget\" data-e-type=\"widget\" data-widget_type=\"heading.default\">\n\t\t\t\t<div class=\"elementor-widget-container\">\n\t\t\t\t\t<h3 class=\"elementor-heading-title elementor-size-default\">Adri\u00e0 Alberich<\/h3>\t\t\t\t<\/div>\n\t\t\t\t<\/div>\n\t\t\t\t<div class=\"elementor-element elementor-element-47f5e34 elementor-widget elementor-widget-image\" data-id=\"47f5e34\" data-element_type=\"widget\" data-e-type=\"widget\" data-widget_type=\"image.default\">\n\t\t\t\t<div class=\"elementor-widget-container\">\n\t\t\t\t\t\t\t\t\t\t\t\t\t\t\t<img loading=\"lazy\" decoding=\"async\" width=\"768\" height=\"1153\" src=\"https:\/\/www.dreamfishers.com\/wp-content\/uploads\/2024\/10\/Adria-Alberich-DF-768x1153.jpg\" class=\"attachment-medium_large size-medium_large wp-image-805\" alt=\"\" srcset=\"https:\/\/www.dreamfishers.com\/wp-content\/uploads\/2024\/10\/Adria-Alberich-DF-768x1153.jpg 768w, https:\/\/www.dreamfishers.com\/wp-content\/uploads\/2024\/10\/Adria-Alberich-DF-200x300.jpg 200w, https:\/\/www.dreamfishers.com\/wp-content\/uploads\/2024\/10\/Adria-Alberich-DF-682x1024.jpg 682w, https:\/\/www.dreamfishers.com\/wp-content\/uploads\/2024\/10\/Adria-Alberich-DF-1023x1536.jpg 1023w, https:\/\/www.dreamfishers.com\/wp-content\/uploads\/2024\/10\/Adria-Alberich-DF.jpg 1066w\" sizes=\"(max-width: 768px) 100vw, 768px\" \/>\t\t\t\t\t\t\t\t\t\t\t\t\t\t\t<\/div>\n\t\t\t\t<\/div>\n\t\t\t\t<div class=\"elementor-element elementor-element-e266437 elementor-widget elementor-widget-text-editor\" data-id=\"e266437\" data-element_type=\"widget\" data-e-type=\"widget\" data-widget_type=\"text-editor.default\">\n\t\t\t\t<div class=\"elementor-widget-container\">\n\t\t\t\t\t\t\t\t\t<p>Colaborador de DF.  <\/p>\n<p>Es una de las piezas clave y tambi\u00e9n la cara visible de Dream Fishers .<\/p>\n<p>Ingeniero industrial de profesi\u00f3n, dio un giro profesional para dedicarse al \u00e1mbito esc\u00e9nico.<\/p>\n<p>Gracias a sus habilidades log\u00edsticas y de gesti\u00f3n le podemos dar servicio en los \u00e1mbitos de concejal\u00eda, producci\u00f3n y merchandising.<\/p>\n<p>Actualmente es:<\/p>\n<ul>\n<li>Responsable del merchandising y runner de \u201cEls Catarres\u201d<\/li>\n<li>Productor y jefe log\u00edstico del \u201cFestival Observa\u201d<\/li>\n<\/ul>\n\t\t\t\t\t\t\t\t<\/div>\n\t\t\t\t<\/div>\n\t\t\t\t<\/div>\n\t\t\t\t<\/div>\n\t\t\t\t\t<\/div>\n\t\t\t\t<\/div>\n\t\t<div class=\"elementor-element elementor-element-4c35ccf e-flex e-con-boxed e-con e-parent\" data-id=\"4c35ccf\" data-element_type=\"container\" data-e-type=\"container\" data-settings=\"{&quot;background_background&quot;:&quot;classic&quot;}\">\n\t\t\t\t\t<div class=\"e-con-inner\">\n\t\t<div class=\"elementor-element elementor-element-f39458d e-con-full e-flex e-con e-child\" data-id=\"f39458d\" data-element_type=\"container\" data-e-type=\"container\">\n\t\t\t\t<div class=\"elementor-element elementor-element-78f27f8 elementor-widget elementor-widget-heading\" data-id=\"78f27f8\" data-element_type=\"widget\" data-e-type=\"widget\" data-widget_type=\"heading.default\">\n\t\t\t\t<div class=\"elementor-widget-container\">\n\t\t\t\t\t<h2 class=\"elementor-heading-title elementor-size-default\">\u00bfTrabajamos juntos?<\/h2>\t\t\t\t<\/div>\n\t\t\t\t<\/div>\n\t\t\t\t<div class=\"elementor-element elementor-element-d0f942b elementor-widget elementor-widget-heading\" data-id=\"d0f942b\" data-element_type=\"widget\" data-e-type=\"widget\" data-widget_type=\"heading.default\">\n\t\t\t\t<div class=\"elementor-widget-container\">\n\t\t\t\t\t<span class=\"elementor-heading-title elementor-size-default\">\u00bfTienes un proyecto? \u00a1Te ayudamos a hacerlo realidad!<\/span>\t\t\t\t<\/div>\n\t\t\t\t<\/div>\n\t\t\t\t<div class=\"elementor-element elementor-element-03b0d75 elementor-grid-mobile-0 e-grid-align-left e-grid-align-mobile-center e-grid-align-tablet-center elementor-shape-rounded elementor-grid-0 elementor-widget elementor-widget-social-icons\" data-id=\"03b0d75\" data-element_type=\"widget\" data-e-type=\"widget\" data-widget_type=\"social-icons.default\">\n\t\t\t\t<div class=\"elementor-widget-container\">\n\t\t\t\t\t\t\t<div class=\"elementor-social-icons-wrapper elementor-grid\">\n\t\t\t\t\t\t\t<span class=\"elementor-grid-item\">\n\t\t\t\t\t<a class=\"elementor-icon elementor-social-icon elementor-social-icon-instagram elementor-animation-grow elementor-repeater-item-4d1a4e0\" href=\"https:\/\/www.instagram.com\/dreamfishers\/\" target=\"_blank\" rel=\"noopener\">\n\t\t\t\t\t\t<span class=\"elementor-screen-only\">Instagram<\/span>\n\t\t\t\t\t\t<svg aria-hidden=\"true\" class=\"e-font-icon-svg e-fab-instagram\" viewBox=\"0 0 448 512\" xmlns=\"http:\/\/www.w3.org\/2000\/svg\"><path d=\"M224.1 141c-63.6 0-114.9 51.3-114.9 114.9s51.3 114.9 114.9 114.9S339 319.5 339 255.9 287.7 141 224.1 141zm0 189.6c-41.1 0-74.7-33.5-74.7-74.7s33.5-74.7 74.7-74.7 74.7 33.5 74.7 74.7-33.6 74.7-74.7 74.7zm146.4-194.3c0 14.9-12 26.8-26.8 26.8-14.9 0-26.8-12-26.8-26.8s12-26.8 26.8-26.8 26.8 12 26.8 26.8zm76.1 27.2c-1.7-35.9-9.9-67.7-36.2-93.9-26.2-26.2-58-34.4-93.9-36.2-37-2.1-147.9-2.1-184.9 0-35.8 1.7-67.6 9.9-93.9 36.1s-34.4 58-36.2 93.9c-2.1 37-2.1 147.9 0 184.9 1.7 35.9 9.9 67.7 36.2 93.9s58 34.4 93.9 36.2c37 2.1 147.9 2.1 184.9 0 35.9-1.7 67.7-9.9 93.9-36.2 26.2-26.2 34.4-58 36.2-93.9 2.1-37 2.1-147.8 0-184.8zM398.8 388c-7.8 19.6-22.9 34.7-42.6 42.6-29.5 11.7-99.5 9-132.1 9s-102.7 2.6-132.1-9c-19.6-7.8-34.7-22.9-42.6-42.6-11.7-29.5-9-99.5-9-132.1s-2.6-102.7 9-132.1c7.8-19.6 22.9-34.7 42.6-42.6 29.5-11.7 99.5-9 132.1-9s102.7-2.6 132.1 9c19.6 7.8 34.7 22.9 42.6 42.6 11.7 29.5 9 99.5 9 132.1s2.7 102.7-9 132.1z\"><\/path><\/svg>\t\t\t\t\t<\/a>\n\t\t\t\t<\/span>\n\t\t\t\t\t<\/div>\n\t\t\t\t\t\t<\/div>\n\t\t\t\t<\/div>\n\t\t\t\t<\/div>\n\t\t<div class=\"elementor-element elementor-element-06dba9a e-con-full e-flex e-con e-child\" data-id=\"06dba9a\" data-element_type=\"container\" data-e-type=\"container\">\n\t\t\t\t<div class=\"elementor-element elementor-element-689a30d elementor-button-align-stretch elementor-widget elementor-widget-form\" data-id=\"689a30d\" data-element_type=\"widget\" data-e-type=\"widget\" data-settings=\"{&quot;step_next_label&quot;:&quot;Next&quot;,&quot;step_previous_label&quot;:&quot;Previous&quot;,&quot;button_width&quot;:&quot;100&quot;,&quot;step_type&quot;:&quot;number_text&quot;,&quot;step_icon_shape&quot;:&quot;circle&quot;}\" data-widget_type=\"form.default\">\n\t\t\t\t<div class=\"elementor-widget-container\">\n\t\t\t\t\t\t\t<form class=\"elementor-form\" method=\"post\" name=\"Formulario de contacto web\" aria-label=\"Formulario de contacto web\">\n\t\t\t<input type=\"hidden\" name=\"post_id\" value=\"685\"\/>\n\t\t\t<input type=\"hidden\" name=\"form_id\" value=\"689a30d\"\/>\n\t\t\t<input type=\"hidden\" name=\"referer_title\" value=\"Presentaci\u00f3n Dream Fishers - Dream Fishers\" \/>\n\n\t\t\t\t\t\t\t<input type=\"hidden\" name=\"queried_id\" value=\"685\"\/>\n\t\t\t\n\t\t\t<div class=\"elementor-form-fields-wrapper elementor-labels-\">\n\t\t\t\t\t\t\t\t<div class=\"elementor-field-type-text elementor-field-group elementor-column elementor-field-group-name elementor-col-100 elementor-field-required\">\n\t\t\t\t\t\t\t\t\t\t\t\t<label for=\"form-field-name\" class=\"elementor-field-label elementor-screen-only\">\n\t\t\t\t\t\t\t\tNombre\t\t\t\t\t\t\t<\/label>\n\t\t\t\t\t\t\t\t\t\t\t\t\t\t<input size=\"1\" type=\"text\" name=\"form_fields[name]\" id=\"form-field-name\" class=\"elementor-field elementor-size-sm  elementor-field-textual\" placeholder=\"Nombre\" required=\"required\">\n\t\t\t\t\t\t\t\t\t\t\t<\/div>\n\t\t\t\t\t\t\t\t<div class=\"elementor-field-type-email elementor-field-group elementor-column elementor-field-group-email elementor-col-100 elementor-field-required\">\n\t\t\t\t\t\t\t\t\t\t\t\t<label for=\"form-field-email\" class=\"elementor-field-label elementor-screen-only\">\n\t\t\t\t\t\t\t\tEmail\t\t\t\t\t\t\t<\/label>\n\t\t\t\t\t\t\t\t\t\t\t\t\t\t<input size=\"1\" type=\"email\" name=\"form_fields[email]\" id=\"form-field-email\" class=\"elementor-field elementor-size-sm  elementor-field-textual\" placeholder=\"Email\" required=\"required\">\n\t\t\t\t\t\t\t\t\t\t\t<\/div>\n\t\t\t\t\t\t\t\t<div class=\"elementor-field-type-tel elementor-field-group elementor-column elementor-field-group-telefon elementor-col-100\">\n\t\t\t\t\t\t\t\t\t\t\t\t<label for=\"form-field-telefon\" class=\"elementor-field-label elementor-screen-only\">\n\t\t\t\t\t\t\t\tTel\u00e9fono\t\t\t\t\t\t\t<\/label>\n\t\t\t\t\t\t\t\t<input size=\"1\" type=\"tel\" name=\"form_fields[telefon]\" id=\"form-field-telefon\" class=\"elementor-field elementor-size-sm  elementor-field-textual\" placeholder=\"Tel\u00e9fono\" pattern=\"[0-9()#&amp;+*-=.]+\" title=\"Solo se aceptan n\u00fameros y caracteres de tel\u00e9fono (#,-,*,etc).\">\n\n\t\t\t\t\t\t<\/div>\n\t\t\t\t\t\t\t\t<div class=\"elementor-field-type-textarea elementor-field-group elementor-column elementor-field-group-comentaris elementor-col-100\">\n\t\t\t\t\t\t\t\t\t\t\t\t<label for=\"form-field-comentaris\" class=\"elementor-field-label elementor-screen-only\">\n\t\t\t\t\t\t\t\tComentarios\t\t\t\t\t\t\t<\/label>\n\t\t\t\t\t\t<textarea class=\"elementor-field-textual elementor-field  elementor-size-sm\" name=\"form_fields[comentaris]\" id=\"form-field-comentaris\" rows=\"4\" placeholder=\"Comentarios\"><\/textarea>\t\t\t\t<\/div>\n\t\t\t\t\t\t\t\t<div class=\"elementor-field-type-acceptance elementor-field-group elementor-column elementor-field-group-privacitat elementor-col-100 elementor-field-required\">\n\t\t\t\t\t\t\t\t\t\t\t\t<label for=\"form-field-privacitat\" class=\"elementor-field-label elementor-screen-only\">\n\t\t\t\t\t\t\t\tAceptaci\u00f3n privacidad\t\t\t\t\t\t\t<\/label>\n\t\t\t\t\t\t\t\t<div class=\"elementor-field-subgroup\">\n\t\t\t<span class=\"elementor-field-option\">\n\t\t\t\t<input type=\"checkbox\" name=\"form_fields[privacitat]\" id=\"form-field-privacitat\" class=\"elementor-field elementor-size-sm  elementor-acceptance-field\" required=\"required\">\n\t\t\t\t<label for=\"form-field-privacitat\"><style=\"font-size: 12px;>Acepto la<a href=\"http:\/\/www.dreamfishers.com\/nota-legal\"> pol\u00edtica de privacidad<\/span><br><br><\/label>\t\t\t<\/span>\n\t\t<\/div>\n\t\t\t\t\t\t<\/div>\n\t\t\t\t\t\t\t\t<div class=\"elementor-field-group elementor-column elementor-field-type-submit elementor-col-100 e-form__buttons\">\n\t\t\t\t\t<button class=\"elementor-button elementor-size-xs\" type=\"submit\">\n\t\t\t\t\t\t<span class=\"elementor-button-content-wrapper\">\n\t\t\t\t\t\t\t\t\t\t\t\t\t\t\t\t\t\t\t\t\t\t<span class=\"elementor-button-text\">Enviar  &gt;<\/span>\n\t\t\t\t\t\t\t\t\t\t\t\t\t<\/span>\n\t\t\t\t\t<\/button>\n\t\t\t\t<\/div>\n\t\t\t<\/div>\n\t\t<\/form>\n\t\t\t\t\t\t<\/div>\n\t\t\t\t<\/div>\n\t\t\t\t<\/div>\n\t\t\t\t\t<\/div>\n\t\t\t\t<\/div>\n\t\t\t\t<\/div>\n\t\t","protected":false},"excerpt":{"rendered":"<p>Dream Fishers \u00a1Que empiece el espect\u00e1culo! Lo que somos y lo que hacemos Oficina t\u00e9cnica, merchandising y log\u00edstica para bandas musicales, compa\u00f1\u00edas de teatro, festivales, eventos art\u00edsticos y centros culturales. Con un profundo conocimiento de los distintos \u00e1mbitos culturales y un gran respeto por la creaci\u00f3n art\u00edstica, Dream Fishers ofrecemos un abanico de servicios t\u00e9cnicos [&hellip;]<\/p>\n","protected":false},"author":1,"featured_media":0,"parent":0,"menu_order":3,"comment_status":"closed","ping_status":"closed","template":"elementor_header_footer","meta":{"footnotes":""},"class_list":["post-685","page","type-page","status-publish","hentry"],"_links":{"self":[{"href":"https:\/\/www.dreamfishers.com\/es\/wp-json\/wp\/v2\/pages\/685","targetHints":{"allow":["GET"]}}],"collection":[{"href":"https:\/\/www.dreamfishers.com\/es\/wp-json\/wp\/v2\/pages"}],"about":[{"href":"https:\/\/www.dreamfishers.com\/es\/wp-json\/wp\/v2\/types\/page"}],"author":[{"embeddable":true,"href":"https:\/\/www.dreamfishers.com\/es\/wp-json\/wp\/v2\/users\/1"}],"replies":[{"embeddable":true,"href":"https:\/\/www.dreamfishers.com\/es\/wp-json\/wp\/v2\/comments?post=685"}],"version-history":[{"count":5,"href":"https:\/\/www.dreamfishers.com\/es\/wp-json\/wp\/v2\/pages\/685\/revisions"}],"predecessor-version":[{"id":822,"href":"https:\/\/www.dreamfishers.com\/es\/wp-json\/wp\/v2\/pages\/685\/revisions\/822"}],"wp:attachment":[{"href":"https:\/\/www.dreamfishers.com\/es\/wp-json\/wp\/v2\/media?parent=685"}],"curies":[{"name":"wp","href":"https:\/\/api.w.org\/{rel}","templated":true}]}}